{"id":690,"date":"2024-12-14T23:42:09","date_gmt":"2024-12-14T22:42:09","guid":{"rendered":"https:\/\/origenbezana.com\/cookie-policy-eu-2\/"},"modified":"2024-12-14T23:44:52","modified_gmt":"2024-12-14T22:44:52","slug":"aviso-legal","status":"publish","type":"page","link":"https:\/\/origenbezana.com\/en\/aviso-legal\/","title":{"rendered":"Legal notice"},"content":{"rendered":"<!-- Legal document generated by Complianz | GDPR\/CCPA Cookie Consent https:\/\/wordpress.org\/plugins\/complianz-gdpr -->\n<div id=\"cmplz-document\" class=\"cmplz-document impressum cmplz-document-all\"><p><i>This imprint was last updated on 20 de February de 2025.<\/i><\/p><p class=\"cmplz-subtitle\">The owner of this website is:<\/p><p>Andrea P\u00e9rez del R\u00edo Andrea P\u00e9rez del R\u00edo<br>Calle Respuela, n 2, bajo o, 39100 Santa Cruz de Bezana, Cantabria<br>Spain<br>Email:&nbsp;<span class=\"cmplz-obfuscate\">inf&#111;@<span class=\"cmplz-fmail-domain\">&#101;x.&#099;&#111;m<\/span>&#111;&#114;i&#103;&#101;nbeza&#110;a&#046;&#099;&#111;m<\/span><br>Phone number: 682 15 36 42<br>VAT ID:&nbsp;72185853P<\/p><p class=\"cmplz-subtitle\">The legal representative(s) of Andrea P\u00e9rez del R\u00edo Andrea P\u00e9rez del R\u00edo:<\/p><p>Andrea P\u00e9rez del R\u00edo<\/p><h2>1. General<\/h2><p>We are not willing or obliged to participate in dispute resolution procedures before a consumer arbitration board.<\/p><\/div>","protected":false},"excerpt":{"rendered":"","protected":false},"author":1,"featured_media":0,"parent":0,"menu_order":0,"comment_status":"closed","ping_status":"closed","template":"","meta":{"footnotes":""},"class_list":["post-690","page","type-page","status-publish","hentry"],"_links":{"self":[{"href":"https:\/\/origenbezana.com\/en\/wp-json\/wp\/v2\/pages\/690","targetHints":{"allow":["GET"]}}],"collection":[{"href":"https:\/\/origenbezana.com\/en\/wp-json\/wp\/v2\/pages"}],"about":[{"href":"https:\/\/origenbezana.com\/en\/wp-json\/wp\/v2\/types\/page"}],"author":[{"embeddable":true,"href":"https:\/\/origenbezana.com\/en\/wp-json\/wp\/v2\/users\/1"}],"replies":[{"embeddable":true,"href":"https:\/\/origenbezana.com\/en\/wp-json\/wp\/v2\/comments?post=690"}],"version-history":[{"count":0,"href":"https:\/\/origenbezana.com\/en\/wp-json\/wp\/v2\/pages\/690\/revisions"}],"wp:attachment":[{"href":"https:\/\/origenbezana.com\/en\/wp-json\/wp\/v2\/media?parent=690"}],"curies":[{"name":"wp","href":"https:\/\/api.w.org\/{rel}","templated":true}]}}