{"id":2139,"date":"2025-10-17T16:29:39","date_gmt":"2025-10-17T14:29:39","guid":{"rendered":"https:\/\/origenbezana.com\/?page_id=2139"},"modified":"2025-10-17T17:03:20","modified_gmt":"2025-10-17T15:03:20","slug":"programa-novias","status":"publish","type":"page","link":"https:\/\/origenbezana.com\/en\/servicios-del-centro\/programa-novias\/","title":{"rendered":"Programa Novias"},"content":{"rendered":"<div data-elementor-type=\"wp-page\" data-elementor-id=\"2139\" class=\"elementor elementor-2139\" data-elementor-post-type=\"page\">\n\t\t\t\t<div class=\"elementor-element elementor-element-d66a31f e-flex e-con-boxed e-con e-parent\" data-id=\"d66a31f\" data-element_type=\"container\" data-settings=\"{&quot;background_background&quot;:&quot;classic&quot;}\">\n\t\t\t\t\t<div class=\"e-con-inner\">\n\t\t<div class=\"elementor-element elementor-element-8895399 e-con-full e-flex e-con e-child\" data-id=\"8895399\" data-element_type=\"container\" data-settings=\"{&quot;background_background&quot;:&quot;classic&quot;}\">\n\t\t\t\t<\/div>\n\t\t<div class=\"elementor-element elementor-element-f8e7383 e-con-full e-flex e-con e-child\" data-id=\"f8e7383\" data-element_type=\"container\">\n\t\t\t\t<div class=\"elementor-element elementor-element-c882e8f elementor-widget elementor-widget-heading\" data-id=\"c882e8f\" data-element_type=\"widget\" data-widget_type=\"heading.default\">\n\t\t\t\t\t<h2 class=\"elementor-heading-title elementor-size-default\">Programa Novias<\/h2>\t\t\t\t<\/div>\n\t\t\t\t<div class=\"elementor-element elementor-element-f994adb elementor-widget elementor-widget-heading\" data-id=\"f994adb\" data-element_type=\"widget\" data-widget_type=\"heading.default\">\n\t\t\t\t\t<h2 class=\"elementor-heading-title elementor-size-default\">Esencia Nupcial<\/h2>\t\t\t\t<\/div>\n\t\t\t\t<div class=\"elementor-element elementor-element-567ca9b elementor-widget elementor-widget-text-editor\" data-id=\"567ca9b\" data-element_type=\"widget\" data-widget_type=\"text-editor.default\">\n\t\t\t\t\t\t\t\t\t<p class=\"p1\">Un cuidado integral para acompa\u00f1arte en el camino hacia tu gran d\u00eda.<\/p><p class=\"p1\">Tu boda no es solo una fecha en el calendario: es un sue\u00f1o que se prepara desde mucho antes. Durante este proceso, tu piel y tu cuerpo tambi\u00e9n viven cambios, y es natural que quieras sentirte luminosa, ligera y confiada en cada paso.<\/p><p class=\"p1\">Nuestro programa para novias est\u00e1 dise\u00f1ado para devolverte calma, frescura y equilibrio, mientras potencia tu belleza natural con tratamientos faciales y corporales que preparan tu piel y tu silueta para que llegues radiante al <em>\u201cs\u00ed, quiero\u201d.<\/em><\/p>\t\t\t\t\t\t\t\t<\/div>\n\t\t\t\t<div class=\"elementor-element elementor-element-1215c38 elementor-widget elementor-widget-n-accordion\" data-id=\"1215c38\" data-element_type=\"widget\" data-settings=\"{&quot;default_state&quot;:&quot;all_collapsed&quot;,&quot;max_items_expended&quot;:&quot;one&quot;,&quot;n_accordion_animation_duration&quot;:{&quot;unit&quot;:&quot;ms&quot;,&quot;size&quot;:400,&quot;sizes&quot;:[]}}\" data-widget_type=\"nested-accordion.default\">\n\t\t\t\t\t\t\t<div class=\"e-n-accordion\" aria-label=\"Accordion. Open links with Enter or Space, close with Escape, and navigate with Arrow Keys\">\n\t\t\t\t\t\t<details id=\"e-n-accordion-item-1890\" class=\"e-n-accordion-item\" >\n\t\t\t\t<summary class=\"e-n-accordion-item-title\" data-accordion-index=\"1\" tabindex=\"0\" aria-expanded=\"false\" aria-controls=\"e-n-accordion-item-1890\" >\n\t\t\t\t\t<span class='e-n-accordion-item-title-header'><div class=\"e-n-accordion-item-title-text\"> Piel de Novia <\/div><\/span>\n\t\t\t\t\t\t\t\t\t<\/summary>\n\t\t\t\t<div role=\"region\" aria-labelledby=\"e-n-accordion-item-1890\" class=\"elementor-element elementor-element-90f0587 e-con-full e-flex e-con e-child\" data-id=\"90f0587\" data-element_type=\"container\">\n\t\t\t\t<div class=\"elementor-element elementor-element-b9676c3 elementor-widget elementor-widget-text-editor\" data-id=\"b9676c3\" data-element_type=\"widget\" data-widget_type=\"text-editor.default\">\n\t\t\t\t\t\t\t\t\t<p class=\"p1\">|<i> Un rostro fresco, luminoso y sereno.<\/i><\/p><p class=\"p2\">El estr\u00e9s y las emociones pueden dejar huella en la piel con signos de fatiga, granitos inesperados o falta de luz. Nuestros tratamientos faciales preparan tu piel para el gran d\u00eda, aportando hidrataci\u00f3n, suavidad y ese acabado radiante que har\u00e1 que te sientas segura frente al espejo y en cada mirada.<\/p>\t\t\t\t\t\t\t\t<\/div>\n\t\t\t\t<\/div>\n\t\t\t\t\t<\/details>\n\t\t\t\t\t\t<details id=\"e-n-accordion-item-1891\" class=\"e-n-accordion-item\" >\n\t\t\t\t<summary class=\"e-n-accordion-item-title\" data-accordion-index=\"2\" tabindex=\"-1\" aria-expanded=\"false\" aria-controls=\"e-n-accordion-item-1891\" >\n\t\t\t\t\t<span class='e-n-accordion-item-title-header'><div class=\"e-n-accordion-item-title-text\"> Confianza Plena <\/div><\/span>\n\t\t\t\t\t\t\t\t\t<\/summary>\n\t\t\t\t<div role=\"region\" aria-labelledby=\"e-n-accordion-item-1891\" class=\"elementor-element elementor-element-dedde2e e-con-full e-flex e-con e-child\" data-id=\"dedde2e\" data-element_type=\"container\">\n\t\t\t\t<div class=\"elementor-element elementor-element-01bbc98 elementor-widget elementor-widget-text-editor\" data-id=\"01bbc98\" data-element_type=\"widget\" data-widget_type=\"text-editor.default\">\n\t\t\t\t\t\t\t\t\t<p class=\"p1\">|<i> Sentirte bien en tu vestido, segura en tu piel<\/i><span class=\"s1\">.<\/span><\/p><p class=\"p2\">Cada novia sue\u00f1a con vivir su gran d\u00eda sin preocuparse por nada m\u00e1s que disfrutar. Por eso este programa combina protocolos de belleza y bienestar que esculpen, hidratan y revitalizan, para que digas \u201cs\u00ed, quiero\u201d con una confianza total y con la certeza de que tu piel y tu cuerpo est\u00e1n en su mejor versi\u00f3n.<\/p>\t\t\t\t\t\t\t\t<\/div>\n\t\t\t\t<\/div>\n\t\t\t\t\t<\/details>\n\t\t\t\t\t\t<details id=\"e-n-accordion-item-1892\" class=\"e-n-accordion-item\" >\n\t\t\t\t<summary class=\"e-n-accordion-item-title\" data-accordion-index=\"3\" tabindex=\"-1\" aria-expanded=\"false\" aria-controls=\"e-n-accordion-item-1892\" >\n\t\t\t\t\t<span class='e-n-accordion-item-title-header'><div class=\"e-n-accordion-item-title-text\"> Cuerpo Ligero <\/div><\/span>\n\t\t\t\t\t\t\t\t\t<\/summary>\n\t\t\t\t<div role=\"region\" aria-labelledby=\"e-n-accordion-item-1892\" class=\"elementor-element elementor-element-9584f09 e-con-full e-flex e-con e-child\" data-id=\"9584f09\" data-element_type=\"container\">\n\t\t\t\t<div class=\"elementor-element elementor-element-55c3f0c elementor-widget elementor-widget-text-editor\" data-id=\"55c3f0c\" data-element_type=\"widget\" data-widget_type=\"text-editor.default\">\n\t\t\t\t\t\t\t\t\t<p class=\"p1\">|<i> Desp\u00eddete de la hinchaz\u00f3n y la pesadez.<\/i><\/p><p class=\"p2\">La preparaci\u00f3n, las pruebas, los nervios\u2026 todo pasa factura tambi\u00e9n al cuerpo. Con t\u00e9cnicas drenantes y reafirmantes, ayudamos a aliviar retenci\u00f3n de l\u00edquidos, estilizar la figura y relajar la tensi\u00f3n muscular, para que llegues al altar ligera, c\u00f3moda y llena de energ\u00eda.<\/p>\t\t\t\t\t\t\t\t<\/div>\n\t\t\t\t<\/div>\n\t\t\t\t\t<\/details>\n\t\t\t\t\t\t<details id=\"e-n-accordion-item-1893\" class=\"e-n-accordion-item\" >\n\t\t\t\t<summary class=\"e-n-accordion-item-title\" data-accordion-index=\"4\" tabindex=\"-1\" aria-expanded=\"false\" aria-controls=\"e-n-accordion-item-1893\" >\n\t\t\t\t\t<span class='e-n-accordion-item-title-header'><div class=\"e-n-accordion-item-title-text\"> *Invitadas Especiales <\/div><\/span>\n\t\t\t\t\t\t\t\t\t<\/summary>\n\t\t\t\t<div role=\"region\" aria-labelledby=\"e-n-accordion-item-1893\" class=\"elementor-element elementor-element-fd50e1f e-con-full e-flex e-con e-child\" data-id=\"fd50e1f\" data-element_type=\"container\">\n\t\t\t\t<div class=\"elementor-element elementor-element-8617391 elementor-widget elementor-widget-text-editor\" data-id=\"8617391\" data-element_type=\"widget\" data-widget_type=\"text-editor.default\">\n\t\t\t\t\t\t\t\t\t<p class=\"p1\">|<i> Porque ellas tambi\u00e9n brillan en tu gran d\u00eda<\/i><span class=\"s1\">.<\/span><\/p><p class=\"p2\">Madres, hermanas, amigas\u2026 tambi\u00e9n merecen sentirse radiantes. Tratamientos dise\u00f1ados para iluminar la piel, relajar tensiones y realzar la belleza natural, para que todas compartan contigo no solo la felicidad del momento, sino tambi\u00e9n la confianza de lucir su mejor versi\u00f3n.\u00a0<\/p>\t\t\t\t\t\t\t\t<\/div>\n\t\t\t\t<\/div>\n\t\t\t\t\t<\/details>\n\t\t\t\t\t<\/div>\n\t\t\t\t\t\t<\/div>\n\t\t\t\t<div class=\"elementor-element elementor-element-5dbf6a8 elementor-widget elementor-widget-text-editor\" data-id=\"5dbf6a8\" data-element_type=\"widget\" data-widget_type=\"text-editor.default\">\n\t\t\t\t\t\t\t\t\t<p class=\"p2\">*Consultar precios del programa<\/p>\t\t\t\t\t\t\t\t<\/div>\n\t\t\t\t<div class=\"elementor-element elementor-element-4b5e1eb elementor-align-left elementor-widget elementor-widget-button\" data-id=\"4b5e1eb\" data-element_type=\"widget\" data-widget_type=\"button.default\">\n\t\t\t\t\t\t\t\t\t\t<a class=\"elementor-button elementor-button-link elementor-size-sm elementor-animation-shrink\" href=\"https:\/\/booksy.com\/es-es\/81601_origen_cuidado-de-la-piel_34436_santa-cruz-de-bezana\" target=\"_blank\" rel=\"nofollow noopener\">\n\t\t\t\t\t\t<span class=\"elementor-button-content-wrapper\">\n\t\t\t\t\t\t\t\t\t<span class=\"elementor-button-text\">request an appointment<\/span>\n\t\t\t\t\t<\/span>\n\t\t\t\t\t<\/a>\n\t\t\t\t\t\t\t\t<\/div>\n\t\t\t\t<\/div>\n\t\t\t\t\t<\/div>\n\t\t\t\t<\/div>\n\t\t\t\t<\/div>","protected":false},"excerpt":{"rendered":"<p>Programa Novias Esencia Nupcial Un cuidado integral para acompa\u00f1arte en el camino hacia tu gran d\u00eda. Tu boda no es solo una fecha en el calendario: es un sue\u00f1o que se prepara desde mucho antes. Durante este proceso, tu piel y tu cuerpo tambi\u00e9n viven cambios, y es natural que quieras sentirte luminosa, ligera y [&hellip;]<\/p>","protected":false},"author":14,"featured_media":0,"parent":199,"menu_order":0,"comment_status":"closed","ping_status":"closed","template":"","meta":{"footnotes":""},"class_list":["post-2139","page","type-page","status-publish","hentry"],"_links":{"self":[{"href":"https:\/\/origenbezana.com\/en\/wp-json\/wp\/v2\/pages\/2139","targetHints":{"allow":["GET"]}}],"collection":[{"href":"https:\/\/origenbezana.com\/en\/wp-json\/wp\/v2\/pages"}],"about":[{"href":"https:\/\/origenbezana.com\/en\/wp-json\/wp\/v2\/types\/page"}],"author":[{"embeddable":true,"href":"https:\/\/origenbezana.com\/en\/wp-json\/wp\/v2\/users\/14"}],"replies":[{"embeddable":true,"href":"https:\/\/origenbezana.com\/en\/wp-json\/wp\/v2\/comments?post=2139"}],"version-history":[{"count":7,"href":"https:\/\/origenbezana.com\/en\/wp-json\/wp\/v2\/pages\/2139\/revisions"}],"predecessor-version":[{"id":2171,"href":"https:\/\/origenbezana.com\/en\/wp-json\/wp\/v2\/pages\/2139\/revisions\/2171"}],"up":[{"embeddable":true,"href":"https:\/\/origenbezana.com\/en\/wp-json\/wp\/v2\/pages\/199"}],"wp:attachment":[{"href":"https:\/\/origenbezana.com\/en\/wp-json\/wp\/v2\/media?parent=2139"}],"curies":[{"name":"wp","href":"https:\/\/api.w.org\/{rel}","templated":true}]}}