{"id":165,"date":"2024-10-02T14:14:22","date_gmt":"2024-10-02T12:14:22","guid":{"rendered":"https:\/\/origenbezana.com\/depilacion\/"},"modified":"2025-10-17T16:28:30","modified_gmt":"2025-10-17T14:28:30","slug":"depilacion-laser","status":"publish","type":"page","link":"https:\/\/origenbezana.com\/en\/servicios-del-centro\/depilacion-laser\/","title":{"rendered":"Laser hair removal"},"content":{"rendered":"<div data-elementor-type=\"wp-page\" data-elementor-id=\"165\" class=\"elementor elementor-165\" data-elementor-post-type=\"page\">\n\t\t\t\t<div class=\"elementor-element elementor-element-d66a31f e-flex e-con-boxed e-con e-parent\" data-id=\"d66a31f\" data-element_type=\"container\" data-settings=\"{&quot;background_background&quot;:&quot;classic&quot;}\">\n\t\t\t\t\t<div class=\"e-con-inner\">\n\t\t<div class=\"elementor-element elementor-element-8895399 e-con-full e-flex e-con e-child\" data-id=\"8895399\" data-element_type=\"container\" data-settings=\"{&quot;background_background&quot;:&quot;classic&quot;}\">\n\t\t\t\t<\/div>\n\t\t<div class=\"elementor-element elementor-element-f8e7383 e-con-full e-flex e-con e-child\" data-id=\"f8e7383\" data-element_type=\"container\">\n\t\t\t\t<div class=\"elementor-element elementor-element-463867f elementor-widget elementor-widget-heading\" data-id=\"463867f\" data-element_type=\"widget\" data-widget_type=\"heading.default\">\n\t\t\t\t\t<h2 class=\"elementor-heading-title elementor-size-default\">Depilaci\u00f3n L\u00e1ser<\/h2>\t\t\t\t<\/div>\n\t\t\t\t<div class=\"elementor-element elementor-element-567ca9b elementor-widget elementor-widget-text-editor\" data-id=\"567ca9b\" data-element_type=\"widget\" data-widget_type=\"text-editor.default\">\n\t\t\t\t\t\t\t\t\t<p class=\"p1\">Disponemos de dos tecnolog\u00edas, la depilaci\u00f3n l\u00e1ser y la el\u00e9ctrica, adapt\u00e1ndonos as\u00ed a las caracter\u00edsticas de tu piel y cabello para garantizar resultados eficaces y duraderos. Nuestros procedimientos incluyen una consulta inicial gratuita donde evaluamos tu piel y cabello, resolvemos dudas y planificamos el tratamiento m\u00e1s adecuado para ti.<\/p><p class=\"p1\"><em>Primera consulta obligatoria y gratuita para ver el estado del pelo, piel, dar toda la informaci\u00f3n, precauciones y firmar el consentimiento informado<\/em><\/p>\t\t\t\t\t\t\t\t<\/div>\n\t\t\t\t<div class=\"elementor-element elementor-element-1215c38 elementor-widget elementor-widget-n-accordion\" data-id=\"1215c38\" data-element_type=\"widget\" data-settings=\"{&quot;default_state&quot;:&quot;all_collapsed&quot;,&quot;max_items_expended&quot;:&quot;one&quot;,&quot;n_accordion_animation_duration&quot;:{&quot;unit&quot;:&quot;ms&quot;,&quot;size&quot;:400,&quot;sizes&quot;:[]}}\" data-widget_type=\"nested-accordion.default\">\n\t\t\t\t\t\t\t<div class=\"e-n-accordion\" aria-label=\"Accordion. Open links with Enter or Space, close with Escape, and navigate with Arrow Keys\">\n\t\t\t\t\t\t<details id=\"e-n-accordion-item-1890\" class=\"e-n-accordion-item\" >\n\t\t\t\t<summary class=\"e-n-accordion-item-title\" data-accordion-index=\"1\" tabindex=\"0\" aria-expanded=\"false\" aria-controls=\"e-n-accordion-item-1890\" >\n\t\t\t\t\t<span class='e-n-accordion-item-title-header'><div class=\"e-n-accordion-item-title-text\"> Zona Mini | 13\u20ac <\/div><\/span>\n\t\t\t\t\t\t\t\t\t<\/summary>\n\t\t\t\t<div role=\"region\" aria-labelledby=\"e-n-accordion-item-1890\" class=\"elementor-element elementor-element-90f0587 e-con-full e-flex e-con e-child\" data-id=\"90f0587\" data-element_type=\"container\">\n\t\t\t\t<div class=\"elementor-element elementor-element-b9676c3 elementor-widget elementor-widget-text-editor\" data-id=\"b9676c3\" data-element_type=\"widget\" data-widget_type=\"text-editor.default\">\n\t\t\t\t\t\t\t\t\t<p class=\"p1\">Labio, patillas, perin\u00e9, cuello, areolas, l\u00ednea alba, manos, pies, dedos.<\/p>\t\t\t\t\t\t\t\t<\/div>\n\t\t\t\t<\/div>\n\t\t\t\t\t<\/details>\n\t\t\t\t\t\t<details id=\"e-n-accordion-item-1891\" class=\"e-n-accordion-item\" >\n\t\t\t\t<summary class=\"e-n-accordion-item-title\" data-accordion-index=\"2\" tabindex=\"-1\" aria-expanded=\"false\" aria-controls=\"e-n-accordion-item-1891\" >\n\t\t\t\t\t<span class='e-n-accordion-item-title-header'><div class=\"e-n-accordion-item-title-text\"> Zona Intermedia | 25\u20ac <\/div><\/span>\n\t\t\t\t\t\t\t\t\t<\/summary>\n\t\t\t\t<div role=\"region\" aria-labelledby=\"e-n-accordion-item-1891\" class=\"elementor-element elementor-element-dedde2e e-con-full e-flex e-con e-child\" data-id=\"dedde2e\" data-element_type=\"container\">\n\t\t\t\t<div class=\"elementor-element elementor-element-01bbc98 elementor-widget elementor-widget-text-editor\" data-id=\"01bbc98\" data-element_type=\"widget\" data-widget_type=\"text-editor.default\">\n\t\t\t\t\t\t\t\t\t<p class=\"p1\">Axilas, hombros, facial completo.<\/p>\t\t\t\t\t\t\t\t<\/div>\n\t\t\t\t<\/div>\n\t\t\t\t\t<\/details>\n\t\t\t\t\t\t<details id=\"e-n-accordion-item-1892\" class=\"e-n-accordion-item\" >\n\t\t\t\t<summary class=\"e-n-accordion-item-title\" data-accordion-index=\"3\" tabindex=\"-1\" aria-expanded=\"false\" aria-controls=\"e-n-accordion-item-1892\" >\n\t\t\t\t\t<span class='e-n-accordion-item-title-header'><div class=\"e-n-accordion-item-title-text\"> Zona Media | 30\u20ac <\/div><\/span>\n\t\t\t\t\t\t\t\t\t<\/summary>\n\t\t\t\t<div role=\"region\" aria-labelledby=\"e-n-accordion-item-1892\" class=\"elementor-element elementor-element-9584f09 e-con-full e-flex e-con e-child\" data-id=\"9584f09\" data-element_type=\"container\">\n\t\t\t\t<div class=\"elementor-element elementor-element-55c3f0c elementor-widget elementor-widget-text-editor\" data-id=\"55c3f0c\" data-element_type=\"widget\" data-widget_type=\"text-editor.default\">\n\t\t\t\t\t\t\t\t\t<p class=\"p1\">Medias piernas, antebrazos, pubis, gl\u00fateos, pecho, abdomen.<\/p>\t\t\t\t\t\t\t\t<\/div>\n\t\t\t\t<\/div>\n\t\t\t\t\t<\/details>\n\t\t\t\t\t\t<details id=\"e-n-accordion-item-1893\" class=\"e-n-accordion-item\" >\n\t\t\t\t<summary class=\"e-n-accordion-item-title\" data-accordion-index=\"4\" tabindex=\"-1\" aria-expanded=\"false\" aria-controls=\"e-n-accordion-item-1893\" >\n\t\t\t\t\t<span class='e-n-accordion-item-title-header'><div class=\"e-n-accordion-item-title-text\"> Zona Grande | 55\u20ac <\/div><\/span>\n\t\t\t\t\t\t\t\t\t<\/summary>\n\t\t\t\t<div role=\"region\" aria-labelledby=\"e-n-accordion-item-1893\" class=\"elementor-element elementor-element-fd50e1f e-con-full e-flex e-con e-child\" data-id=\"fd50e1f\" data-element_type=\"container\">\n\t\t\t\t<div class=\"elementor-element elementor-element-8617391 elementor-widget elementor-widget-text-editor\" data-id=\"8617391\" data-element_type=\"widget\" data-widget_type=\"text-editor.default\">\n\t\t\t\t\t\t\t\t\t<p class=\"p1\">Brazos, piernas, espalda, t\u00f3rax.<\/p>\t\t\t\t\t\t\t\t<\/div>\n\t\t\t\t<\/div>\n\t\t\t\t\t<\/details>\n\t\t\t\t\t\t<details id=\"e-n-accordion-item-1894\" class=\"e-n-accordion-item\" >\n\t\t\t\t<summary class=\"e-n-accordion-item-title\" data-accordion-index=\"5\" tabindex=\"-1\" aria-expanded=\"false\" aria-controls=\"e-n-accordion-item-1894\" >\n\t\t\t\t\t<span class='e-n-accordion-item-title-header'><div class=\"e-n-accordion-item-title-text\"> Mujer Cuerpo Completo | 110\u20ac <\/div><\/span>\n\t\t\t\t\t\t\t\t\t<\/summary>\n\t\t\t\t<div role=\"region\" aria-labelledby=\"e-n-accordion-item-1894\" class=\"elementor-element elementor-element-0b98975 e-con-full e-flex e-con e-child\" data-id=\"0b98975\" data-element_type=\"container\">\n\t\t\t\t<div class=\"elementor-element elementor-element-0a54f9f elementor-widget elementor-widget-text-editor\" data-id=\"0a54f9f\" data-element_type=\"widget\" data-widget_type=\"text-editor.default\">\n\t\t\t\t\t\t\t\t\t<p class=\"p1\">Cuerpo Completo.<\/p>\t\t\t\t\t\t\t\t<\/div>\n\t\t\t\t<\/div>\n\t\t\t\t\t<\/details>\n\t\t\t\t\t\t<details id=\"e-n-accordion-item-1895\" class=\"e-n-accordion-item\" >\n\t\t\t\t<summary class=\"e-n-accordion-item-title\" data-accordion-index=\"6\" tabindex=\"-1\" aria-expanded=\"false\" aria-controls=\"e-n-accordion-item-1895\" >\n\t\t\t\t\t<span class='e-n-accordion-item-title-header'><div class=\"e-n-accordion-item-title-text\"> Hombre Cuerpo Completo | 160\u20ac <\/div><\/span>\n\t\t\t\t\t\t\t\t\t<\/summary>\n\t\t\t\t<div role=\"region\" aria-labelledby=\"e-n-accordion-item-1895\" class=\"elementor-element elementor-element-d8355ad e-con-full e-flex e-con e-child\" data-id=\"d8355ad\" data-element_type=\"container\">\n\t\t\t\t<div class=\"elementor-element elementor-element-fe2eebc elementor-widget elementor-widget-text-editor\" data-id=\"fe2eebc\" data-element_type=\"widget\" data-widget_type=\"text-editor.default\">\n\t\t\t\t\t\t\t\t\t<p class=\"p1\">Cuerpo Completo.<\/p>\t\t\t\t\t\t\t\t<\/div>\n\t\t\t\t<\/div>\n\t\t\t\t\t<\/details>\n\t\t\t\t\t<\/div>\n\t\t\t\t\t\t<\/div>\n\t\t\t\t<div class=\"elementor-element elementor-element-4b5e1eb elementor-align-left elementor-widget elementor-widget-button\" data-id=\"4b5e1eb\" data-element_type=\"widget\" data-widget_type=\"button.default\">\n\t\t\t\t\t\t\t\t\t\t<a class=\"elementor-button elementor-button-link elementor-size-sm elementor-animation-shrink\" href=\"https:\/\/booksy.com\/es-es\/81601_origen_cuidado-de-la-piel_34436_santa-cruz-de-bezana\" target=\"_blank\" rel=\"nofollow noopener\">\n\t\t\t\t\t\t<span class=\"elementor-button-content-wrapper\">\n\t\t\t\t\t\t\t\t\t<span class=\"elementor-button-text\">request an appointment<\/span>\n\t\t\t\t\t<\/span>\n\t\t\t\t\t<\/a>\n\t\t\t\t\t\t\t\t<\/div>\n\t\t\t\t<\/div>\n\t\t\t\t\t<\/div>\n\t\t\t\t<\/div>\n\t\t\t\t<\/div>","protected":false},"excerpt":{"rendered":"<p>Depilaci\u00f3n L\u00e1ser Disponemos de dos tecnolog\u00edas, la depilaci\u00f3n l\u00e1ser y la el\u00e9ctrica, adapt\u00e1ndonos as\u00ed a las caracter\u00edsticas de tu piel y cabello para garantizar resultados eficaces y duraderos. Nuestros procedimientos incluyen una consulta inicial gratuita donde evaluamos tu piel y cabello, resolvemos dudas y planificamos el tratamiento m\u00e1s adecuado para ti. Primera consulta obligatoria y [&hellip;]<\/p>","protected":false},"author":1,"featured_media":0,"parent":199,"menu_order":0,"comment_status":"closed","ping_status":"closed","template":"","meta":{"footnotes":""},"class_list":["post-165","page","type-page","status-publish","hentry"],"_links":{"self":[{"href":"https:\/\/origenbezana.com\/en\/wp-json\/wp\/v2\/pages\/165","targetHints":{"allow":["GET"]}}],"collection":[{"href":"https:\/\/origenbezana.com\/en\/wp-json\/wp\/v2\/pages"}],"about":[{"href":"https:\/\/origenbezana.com\/en\/wp-json\/wp\/v2\/types\/page"}],"author":[{"embeddable":true,"href":"https:\/\/origenbezana.com\/en\/wp-json\/wp\/v2\/users\/1"}],"replies":[{"embeddable":true,"href":"https:\/\/origenbezana.com\/en\/wp-json\/wp\/v2\/comments?post=165"}],"version-history":[{"count":30,"href":"https:\/\/origenbezana.com\/en\/wp-json\/wp\/v2\/pages\/165\/revisions"}],"predecessor-version":[{"id":2138,"href":"https:\/\/origenbezana.com\/en\/wp-json\/wp\/v2\/pages\/165\/revisions\/2138"}],"up":[{"embeddable":true,"href":"https:\/\/origenbezana.com\/en\/wp-json\/wp\/v2\/pages\/199"}],"wp:attachment":[{"href":"https:\/\/origenbezana.com\/en\/wp-json\/wp\/v2\/media?parent=165"}],"curies":[{"name":"wp","href":"https:\/\/api.w.org\/{rel}","templated":true}]}}