{"id":133,"date":"2024-10-02T14:14:10","date_gmt":"2024-10-02T12:14:10","guid":{"rendered":"https:\/\/origenbezana.com\/masajes\/"},"modified":"2026-04-20T10:43:55","modified_gmt":"2026-04-20T08:43:55","slug":"tratamientos-corporales","status":"publish","type":"page","link":"https:\/\/origenbezana.com\/en\/servicios-del-centro\/tratamientos-corporales\/","title":{"rendered":"Body Treatments"},"content":{"rendered":"<div data-elementor-type=\"wp-page\" data-elementor-id=\"133\" class=\"elementor elementor-133\" data-elementor-post-type=\"page\">\n\t\t\t\t<div class=\"elementor-element elementor-element-2c54931c e-flex e-con-boxed e-con e-parent\" data-id=\"2c54931c\" data-element_type=\"container\" data-settings=\"{&quot;background_background&quot;:&quot;classic&quot;}\">\n\t\t\t\t\t<div class=\"e-con-inner\">\n\t\t<div class=\"elementor-element elementor-element-3f89d605 e-con-full e-flex e-con e-child\" data-id=\"3f89d605\" data-element_type=\"container\" data-settings=\"{&quot;background_background&quot;:&quot;classic&quot;}\">\n\t\t\t\t<\/div>\n\t\t<div class=\"elementor-element elementor-element-06dde80 e-con-full e-flex e-con e-child\" data-id=\"06dde80\" data-element_type=\"container\">\n\t\t\t\t<div class=\"elementor-element elementor-element-c869401 elementor-invisible elementor-widget elementor-widget-heading\" data-id=\"c869401\" data-element_type=\"widget\" data-settings=\"{&quot;_animation&quot;:&quot;fadeInRight&quot;}\" data-widget_type=\"heading.default\">\n\t\t\t\t\t<h2 class=\"elementor-heading-title elementor-size-default\">Body Treatments<\/h2>\t\t\t\t<\/div>\n\t\t\t\t<div class=\"elementor-element elementor-element-f975c6b elementor-widget elementor-widget-text-editor\" data-id=\"f975c6b\" data-element_type=\"widget\" data-widget_type=\"text-editor.default\">\n\t\t\t\t\t\t\t\t\t<p class=\"p2\">En Origen cada tratamiento comienza con un an\u00e1lisis corporal 360\u00ba, porque entender el punto de partida es la clave para lograr resultados visibles.<\/p>\t\t\t\t\t\t\t\t<\/div>\n\t\t\t\t<div class=\"elementor-element elementor-element-33b8387 elementor-widget elementor-widget-n-accordion\" data-id=\"33b8387\" data-element_type=\"widget\" data-settings=\"{&quot;default_state&quot;:&quot;all_collapsed&quot;,&quot;max_items_expended&quot;:&quot;one&quot;,&quot;n_accordion_animation_duration&quot;:{&quot;unit&quot;:&quot;ms&quot;,&quot;size&quot;:400,&quot;sizes&quot;:[]}}\" data-widget_type=\"nested-accordion.default\">\n\t\t\t\t\t\t\t<div class=\"e-n-accordion\" aria-label=\"Accordion. Open links with Enter or Space, close with Escape, and navigate with Arrow Keys\">\n\t\t\t\t\t\t<details id=\"e-n-accordion-item-5420\" class=\"e-n-accordion-item\" >\n\t\t\t\t<summary class=\"e-n-accordion-item-title\" data-accordion-index=\"1\" tabindex=\"0\" aria-expanded=\"false\" aria-controls=\"e-n-accordion-item-5420\" >\n\t\t\t\t\t<span class='e-n-accordion-item-title-header'><div class=\"e-n-accordion-item-title-text\"> Abdomen  <\/div><\/span>\n\t\t\t\t\t\t\t\t\t<\/summary>\n\t\t\t\t<div role=\"region\" aria-labelledby=\"e-n-accordion-item-5420\" class=\"elementor-element elementor-element-8381cb1 e-con-full e-flex e-con e-child\" data-id=\"8381cb1\" data-element_type=\"container\">\n\t\t\t\t<div class=\"elementor-element elementor-element-9195ac2 elementor-widget elementor-widget-text-editor\" data-id=\"9195ac2\" data-element_type=\"widget\" data-widget_type=\"text-editor.default\">\n\t\t\t\t\t\t\t\t\t<p class=\"p1\">Reducci\u00f3n visible de la grasa localizada y reafirmaci\u00f3n de los tejidos para recuperar un vientre m\u00e1s plano y firme. Ideal si buscas remodelar el contorno abdominal y devolver elasticidad a la piel.<\/p>\t\t\t\t\t\t\t\t<\/div>\n\t\t\t\t<\/div>\n\t\t\t\t\t<\/details>\n\t\t\t\t\t\t<details id=\"e-n-accordion-item-5421\" class=\"e-n-accordion-item\" >\n\t\t\t\t<summary class=\"e-n-accordion-item-title\" data-accordion-index=\"2\" tabindex=\"-1\" aria-expanded=\"false\" aria-controls=\"e-n-accordion-item-5421\" >\n\t\t\t\t\t<span class='e-n-accordion-item-title-header'><div class=\"e-n-accordion-item-title-text\"> Inflamaci\u00f3n Abdominal <\/div><\/span>\n\t\t\t\t\t\t\t\t\t<\/summary>\n\t\t\t\t<div role=\"region\" aria-labelledby=\"e-n-accordion-item-5421\" class=\"elementor-element elementor-element-fc90c6d e-con-full e-flex e-con e-child\" data-id=\"fc90c6d\" data-element_type=\"container\">\n\t\t\t\t<div class=\"elementor-element elementor-element-7ba6dfd elementor-widget elementor-widget-text-editor\" data-id=\"7ba6dfd\" data-element_type=\"widget\" data-widget_type=\"text-editor.default\">\n\t\t\t\t\t\t\t\t\t<p class=\"p1\">Alivio inmediato para un vientre m\u00e1s ligero<span class=\"s1\">.<br \/><\/span>Un tratamiento espec\u00edfico para quienes sufren de hinchaz\u00f3n en la zona abdominal, donde el malestar no siempre est\u00e1 relacionado con grasa, sino con inflamaci\u00f3n y retenci\u00f3n de l\u00edquidos. Mediante t\u00e9cnicas que activan la circulaci\u00f3n y el drenaje natural, ayudamos a descomprimir los tejidos y devolver al vientre una sensaci\u00f3n de ligereza, suavidad y equilibrio.<\/p>\t\t\t\t\t\t\t\t<\/div>\n\t\t\t\t<\/div>\n\t\t\t\t\t<\/details>\n\t\t\t\t\t\t<details id=\"e-n-accordion-item-5422\" class=\"e-n-accordion-item\" >\n\t\t\t\t<summary class=\"e-n-accordion-item-title\" data-accordion-index=\"3\" tabindex=\"-1\" aria-expanded=\"false\" aria-controls=\"e-n-accordion-item-5422\" >\n\t\t\t\t\t<span class='e-n-accordion-item-title-header'><div class=\"e-n-accordion-item-title-text\"> Piernas y Gl\u00fateos <\/div><\/span>\n\t\t\t\t\t\t\t\t\t<\/summary>\n\t\t\t\t<div role=\"region\" aria-labelledby=\"e-n-accordion-item-5422\" class=\"elementor-element elementor-element-910ab99 e-con-full e-flex e-con e-child\" data-id=\"910ab99\" data-element_type=\"container\">\n\t\t\t\t<div class=\"elementor-element elementor-element-0410b51 elementor-widget elementor-widget-text-editor\" data-id=\"0410b51\" data-element_type=\"widget\" data-widget_type=\"text-editor.default\">\n\t\t\t\t\t\t\t\t\t<p class=\"p1\">Tratamiento espec\u00edfico para suavizar la celulitis, drenar l\u00edquidos y mejorar la firmeza de las piernas y gl\u00fateos. Perfecto para aligerar la sensaci\u00f3n de pesadez y conseguir una piel m\u00e1s lisa y uniforme.<\/p>\t\t\t\t\t\t\t\t<\/div>\n\t\t\t\t<\/div>\n\t\t\t\t\t<\/details>\n\t\t\t\t\t\t<details id=\"e-n-accordion-item-5423\" class=\"e-n-accordion-item\" >\n\t\t\t\t<summary class=\"e-n-accordion-item-title\" data-accordion-index=\"4\" tabindex=\"-1\" aria-expanded=\"false\" aria-controls=\"e-n-accordion-item-5423\" >\n\t\t\t\t\t<span class='e-n-accordion-item-title-header'><div class=\"e-n-accordion-item-title-text\"> Brazos <\/div><\/span>\n\t\t\t\t\t\t\t\t\t<\/summary>\n\t\t\t\t<div role=\"region\" aria-labelledby=\"e-n-accordion-item-5423\" class=\"elementor-element elementor-element-2083218 e-con-full e-flex e-con e-child\" data-id=\"2083218\" data-element_type=\"container\">\n\t\t\t\t<div class=\"elementor-element elementor-element-93e61d2 elementor-widget elementor-widget-text-editor\" data-id=\"93e61d2\" data-element_type=\"widget\" data-widget_type=\"text-editor.default\">\n\t\t\t\t\t\t\t\t\t<p class=\"p1\">Enfocado en combatir la flacidez y redefinir el contorno de los brazos, mejorando su tonacidad y firmeza. La piel recupera densidad y se siente m\u00e1s tersa y el\u00e1stica.<\/p>\t\t\t\t\t\t\t\t<\/div>\n\t\t\t\t<\/div>\n\t\t\t\t\t<\/details>\n\t\t\t\t\t<\/div>\n\t\t\t\t\t\t<\/div>\n\t\t\t\t<div class=\"elementor-element elementor-element-733f650 elementor-widget elementor-widget-text-editor\" data-id=\"733f650\" data-element_type=\"widget\" data-widget_type=\"text-editor.default\">\n\t\t\t\t\t\t\t\t\t<p class=\"p2\">*Consultar precios del programa<\/p>\t\t\t\t\t\t\t\t<\/div>\n\t\t\t\t<div class=\"elementor-element elementor-element-e44dddf elementor-invisible elementor-widget elementor-widget-heading\" data-id=\"e44dddf\" data-element_type=\"widget\" data-settings=\"{&quot;_animation&quot;:&quot;fadeInRight&quot;}\" data-widget_type=\"heading.default\">\n\t\t\t\t\t<h2 class=\"elementor-heading-title elementor-size-default\">Programas Espec\u00edficos<\/h2>\t\t\t\t<\/div>\n\t\t\t\t<div class=\"elementor-element elementor-element-6a8febb elementor-widget elementor-widget-n-accordion\" data-id=\"6a8febb\" data-element_type=\"widget\" data-settings=\"{&quot;default_state&quot;:&quot;all_collapsed&quot;,&quot;max_items_expended&quot;:&quot;one&quot;,&quot;n_accordion_animation_duration&quot;:{&quot;unit&quot;:&quot;ms&quot;,&quot;size&quot;:400,&quot;sizes&quot;:[]}}\" data-widget_type=\"nested-accordion.default\">\n\t\t\t\t\t\t\t<div class=\"e-n-accordion\" aria-label=\"Accordion. Open links with Enter or Space, close with Escape, and navigate with Arrow Keys\">\n\t\t\t\t\t\t<details id=\"e-n-accordion-item-1110\" class=\"e-n-accordion-item\" >\n\t\t\t\t<summary class=\"e-n-accordion-item-title\" data-accordion-index=\"1\" tabindex=\"0\" aria-expanded=\"false\" aria-controls=\"e-n-accordion-item-1110\" >\n\t\t\t\t\t<span class='e-n-accordion-item-title-header'><div class=\"e-n-accordion-item-title-text\"> Cuidado Especial para Embarazadas  <\/div><\/span>\n\t\t\t\t\t\t\t\t\t<\/summary>\n\t\t\t\t<div role=\"region\" aria-labelledby=\"e-n-accordion-item-1110\" class=\"elementor-element elementor-element-5241041 e-con-full e-flex e-con e-child\" data-id=\"5241041\" data-element_type=\"container\">\n\t\t\t\t<div class=\"elementor-element elementor-element-557937e elementor-widget elementor-widget-text-editor\" data-id=\"557937e\" data-element_type=\"widget\" data-widget_type=\"text-editor.default\">\n\t\t\t\t\t\t\t\t\t<p class=\"p1\">| <i>Bienestar seguro en un momento \u00fanico de tu vida.<\/i><\/p><p class=\"p2\">El embarazo transforma tu cuerpo y tu piel, y con ello aparecen nuevas necesidades: las alteraciones hormonales pueden favorecer la aparici\u00f3n de manchas, sensibilidad o tirantez en el rostro, mientras que a nivel corporal es frecuente sentir pesadez, hinchaz\u00f3n o cansancio.<\/p><p class=\"p2\">Por eso hemos dise\u00f1ado protocolos seguros, tanto faciales como corporales, que alivian, equilibran y acompa\u00f1an a tu piel durante esta etapa. Tratamientos que te ayudan a sentirte c\u00f3moda, cuidada y en armon\u00eda, mientras disfrutas de un momento de calma solo para ti.<\/p>\t\t\t\t\t\t\t\t<\/div>\n\t\t\t\t<\/div>\n\t\t\t\t\t<\/details>\n\t\t\t\t\t\t<details id=\"e-n-accordion-item-1111\" class=\"e-n-accordion-item\" >\n\t\t\t\t<summary class=\"e-n-accordion-item-title\" data-accordion-index=\"2\" tabindex=\"-1\" aria-expanded=\"false\" aria-controls=\"e-n-accordion-item-1111\" >\n\t\t\t\t\t<span class='e-n-accordion-item-title-header'><div class=\"e-n-accordion-item-title-text\"> Ilum\u00ednet <\/div><\/span>\n\t\t\t\t\t\t\t\t\t<\/summary>\n\t\t\t\t<div role=\"region\" aria-labelledby=\"e-n-accordion-item-1111\" class=\"elementor-element elementor-element-249e301 e-con-full e-flex e-con e-child\" data-id=\"249e301\" data-element_type=\"container\">\n\t\t\t\t<div class=\"elementor-element elementor-element-a3db722 elementor-widget elementor-widget-text-editor\" data-id=\"a3db722\" data-element_type=\"widget\" data-widget_type=\"text-editor.default\">\n\t\t\t\t\t\t\t\t\t<p class=\"p1\">| <i>Porque tu piel tambi\u00e9n <\/i><i>merece sentirse cuidada.<\/i><\/p><p class=\"p1\">Tratamiento facial espec\u00edfico que previene y corrige las manchas propias del embarazo, unifica el tono y mejora la hidrataci\u00f3n. Con activos seguros y antioxidantes, devuelve a la piel una sensaci\u00f3n de confort y suavidad, respetando siempre la sensibilidad de esta etapa.<\/p>\t\t\t\t\t\t\t\t<\/div>\n\t\t\t\t<\/div>\n\t\t\t\t\t<\/details>\n\t\t\t\t\t\t<details id=\"e-n-accordion-item-1112\" class=\"e-n-accordion-item\" >\n\t\t\t\t<summary class=\"e-n-accordion-item-title\" data-accordion-index=\"3\" tabindex=\"-1\" aria-expanded=\"false\" aria-controls=\"e-n-accordion-item-1112\" >\n\t\t\t\t\t<span class='e-n-accordion-item-title-header'><div class=\"e-n-accordion-item-title-text\"> Masaje Drenante de Piernas <\/div><\/span>\n\t\t\t\t\t\t\t\t\t<\/summary>\n\t\t\t\t<div role=\"region\" aria-labelledby=\"e-n-accordion-item-1112\" class=\"elementor-element elementor-element-7b41326 e-con-full e-flex e-con e-child\" data-id=\"7b41326\" data-element_type=\"container\">\n\t\t\t\t<div class=\"elementor-element elementor-element-c779d9b elementor-widget elementor-widget-text-editor\" data-id=\"c779d9b\" data-element_type=\"widget\" data-widget_type=\"text-editor.default\">\n\t\t\t\t\t\t\t\t\t<p class=\"p1\">| <i>El poder de las manos que alivian y reconfortan.<\/i><\/p><p class=\"p1\">Un masaje suave y relajante que alivia la hinchaz\u00f3n y la pesadez t\u00edpica del embarazo, favoreciendo la circulaci\u00f3n y reduciendo el edema de forma segura. La presi\u00f3n lenta y delicada ayuda a devolver la ligereza a tus piernas, brindando una sensaci\u00f3n inmediata de descanso y bienestar<\/p>\t\t\t\t\t\t\t\t<\/div>\n\t\t\t\t<\/div>\n\t\t\t\t\t<\/details>\n\t\t\t\t\t\t<details id=\"e-n-accordion-item-1113\" class=\"e-n-accordion-item\" >\n\t\t\t\t<summary class=\"e-n-accordion-item-title\" data-accordion-index=\"4\" tabindex=\"-1\" aria-expanded=\"false\" aria-controls=\"e-n-accordion-item-1113\" >\n\t\t\t\t\t<span class='e-n-accordion-item-title-header'><div class=\"e-n-accordion-item-title-text\"> Presoterap\u00eda Suave <\/div><\/span>\n\t\t\t\t\t\t\t\t\t<\/summary>\n\t\t\t\t<div role=\"region\" aria-labelledby=\"e-n-accordion-item-1113\" class=\"elementor-element elementor-element-27af822 e-con-full e-flex e-con e-child\" data-id=\"27af822\" data-element_type=\"container\">\n\t\t\t\t<div class=\"elementor-element elementor-element-89e991c elementor-widget elementor-widget-text-editor\" data-id=\"89e991c\" data-element_type=\"widget\" data-widget_type=\"text-editor.default\">\n\t\t\t\t\t\t\t\t\t<p class=\"p1\">| <i>Piernas m\u00e1s ligeras, sensaci\u00f3n de alivio inmediato.<\/i><\/p><p class=\"p2\">Tratamiento corporal espec\u00edfico para embarazadas que activa el retorno venoso y linf\u00e1tico sin ejercer presi\u00f3n en el abdomen. Ideal para aliviar el cansancio y la hinchaz\u00f3n de las piernas, dejando una agradable sensaci\u00f3n de frescura, ligereza y vitalidad.<\/p>\t\t\t\t\t\t\t\t<\/div>\n\t\t\t\t<\/div>\n\t\t\t\t\t<\/details>\n\t\t\t\t\t<\/div>\n\t\t\t\t\t\t<\/div>\n\t\t\t\t<div class=\"elementor-element elementor-element-93f2f64 elementor-widget elementor-widget-text-editor\" data-id=\"93f2f64\" data-element_type=\"widget\" data-widget_type=\"text-editor.default\">\n\t\t\t\t\t\t\t\t\t<p class=\"p2\">*Consultar precios del programa<\/p>\t\t\t\t\t\t\t\t<\/div>\n\t\t\t\t<div class=\"elementor-element elementor-element-645a629 elementor-invisible elementor-widget elementor-widget-heading\" data-id=\"645a629\" data-element_type=\"widget\" data-settings=\"{&quot;_animation&quot;:&quot;fadeInRight&quot;}\" data-widget_type=\"heading.default\">\n\t\t\t\t\t<h2 class=\"elementor-heading-title elementor-size-default\">Programa Menopausia <\/h2>\t\t\t\t<\/div>\n\t\t\t\t<div class=\"elementor-element elementor-element-2fcb2a3 elementor-widget elementor-widget-text-editor\" data-id=\"2fcb2a3\" data-element_type=\"widget\" data-widget_type=\"text-editor.default\">\n\t\t\t\t\t\t\t\t\t<p class=\"p1\"><strong>|<i> Biotecnolog\u00eda avanzada para rejuvenecer tu piel desde el interior.<\/i><\/strong><\/p><p class=\"p1\">La menopausia no solo transforma la piel, tambi\u00e9n cambia el cuerpo y la forma en la que nos sentimos en \u00e9l. La p\u00e9rdida de elasticidad, la retenci\u00f3n de l\u00edquidos, la flacidez o la acumulaci\u00f3n de volumen en ciertas zonas son algunos de los efectos m\u00e1s habituales de esta etapa. En Origen hemos creado un programa espec\u00edfico para acompa\u00f1arte en este momento, combinando tratamientos de alta tecnolog\u00eda, t\u00e9cnicas manuales y apoyo desde dentro para devolver armon\u00eda y confianza.<\/p>\t\t\t\t\t\t\t\t<\/div>\n\t\t\t\t<div class=\"elementor-element elementor-element-731b636 elementor-widget elementor-widget-n-accordion\" data-id=\"731b636\" data-element_type=\"widget\" data-settings=\"{&quot;default_state&quot;:&quot;all_collapsed&quot;,&quot;max_items_expended&quot;:&quot;one&quot;,&quot;n_accordion_animation_duration&quot;:{&quot;unit&quot;:&quot;ms&quot;,&quot;size&quot;:400,&quot;sizes&quot;:[]}}\" data-widget_type=\"nested-accordion.default\">\n\t\t\t\t\t\t\t<div class=\"e-n-accordion\" aria-label=\"Accordion. Open links with Enter or Space, close with Escape, and navigate with Arrow Keys\">\n\t\t\t\t\t\t<details id=\"e-n-accordion-item-1200\" class=\"e-n-accordion-item\" >\n\t\t\t\t<summary class=\"e-n-accordion-item-title\" data-accordion-index=\"1\" tabindex=\"0\" aria-expanded=\"false\" aria-controls=\"e-n-accordion-item-1200\" >\n\t\t\t\t\t<span class='e-n-accordion-item-title-header'><div class=\"e-n-accordion-item-title-text\"> Fase 1 | Ligereza Renovada <\/div><\/span>\n\t\t\t\t\t\t\t\t\t<\/summary>\n\t\t\t\t<div role=\"region\" aria-labelledby=\"e-n-accordion-item-1200\" class=\"elementor-element elementor-element-060572e e-con-full e-flex e-con e-child\" data-id=\"060572e\" data-element_type=\"container\">\n\t\t\t\t<div class=\"elementor-element elementor-element-a4e954c elementor-widget elementor-widget-text-editor\" data-id=\"a4e954c\" data-element_type=\"widget\" data-widget_type=\"text-editor.default\">\n\t\t\t\t\t\t\t\t\t<p class=\"p1\">Decir adi\u00f3s a la hinchaz\u00f3n, recuperar fluidez y sentirte m\u00e1s ligera desde el inicio. Activamos la circulaci\u00f3n y desinflamamos los tejidos, creando la base ideal para lo que viene despu\u00e9s.<\/p>\t\t\t\t\t\t\t\t<\/div>\n\t\t\t\t<\/div>\n\t\t\t\t\t<\/details>\n\t\t\t\t\t\t<details id=\"e-n-accordion-item-1201\" class=\"e-n-accordion-item\" >\n\t\t\t\t<summary class=\"e-n-accordion-item-title\" data-accordion-index=\"2\" tabindex=\"-1\" aria-expanded=\"false\" aria-controls=\"e-n-accordion-item-1201\" >\n\t\t\t\t\t<span class='e-n-accordion-item-title-header'><div class=\"e-n-accordion-item-title-text\"> Fase 2 | Firmeza que se Siente <\/div><\/span>\n\t\t\t\t\t\t\t\t\t<\/summary>\n\t\t\t\t<div role=\"region\" aria-labelledby=\"e-n-accordion-item-1201\" class=\"elementor-element elementor-element-1196389 e-con-full e-flex e-con e-child\" data-id=\"1196389\" data-element_type=\"container\">\n\t\t\t\t<div class=\"elementor-element elementor-element-c7df0b8 elementor-widget elementor-widget-text-editor\" data-id=\"c7df0b8\" data-element_type=\"widget\" data-widget_type=\"text-editor.default\">\n\t\t\t\t\t\t\t\t\t<p class=\"p1\">Tu piel y tu cuerpo recuperan elasticidad y tonicidad. T\u00e9cnicas avanzadas estimulan el col\u00e1geno y tonifican los m\u00fasculos, ayudando a redefinir contornos y devolver densidad a los tejidos.<\/p>\t\t\t\t\t\t\t\t<\/div>\n\t\t\t\t<\/div>\n\t\t\t\t\t<\/details>\n\t\t\t\t\t\t<details id=\"e-n-accordion-item-1202\" class=\"e-n-accordion-item\" >\n\t\t\t\t<summary class=\"e-n-accordion-item-title\" data-accordion-index=\"3\" tabindex=\"-1\" aria-expanded=\"false\" aria-controls=\"e-n-accordion-item-1202\" >\n\t\t\t\t\t<span class='e-n-accordion-item-title-header'><div class=\"e-n-accordion-item-title-text\"> Fase 3 | Renovaci\u00f3n Constante <\/div><\/span>\n\t\t\t\t\t\t\t\t\t<\/summary>\n\t\t\t\t<div role=\"region\" aria-labelledby=\"e-n-accordion-item-1202\" class=\"elementor-element elementor-element-5493663 e-con-full e-flex e-con e-child\" data-id=\"5493663\" data-element_type=\"container\">\n\t\t\t\t<div class=\"elementor-element elementor-element-a7bec39 elementor-widget elementor-widget-text-editor\" data-id=\"a7bec39\" data-element_type=\"widget\" data-widget_type=\"text-editor.default\">\n\t\t\t\t\t\t\t\t\t<p class=\"p1\">El cuidado que no termina.<\/p><p class=\"p1\">Porque tu piel y tu cuerpo merecen m\u00e1s que un resultado puntual, esta etapa est\u00e1 pensada para seguir reforzando los cambios conseguidos.<br \/>Tratamientos personalizados que prolongan la firmeza, la vitalidad y la sensaci\u00f3n de plenitud.<\/p>\t\t\t\t\t\t\t\t<\/div>\n\t\t\t\t<\/div>\n\t\t\t\t\t<\/details>\n\t\t\t\t\t<\/div>\n\t\t\t\t\t\t<\/div>\n\t\t\t\t<div class=\"elementor-element elementor-element-9a42b2d elementor-widget elementor-widget-text-editor\" data-id=\"9a42b2d\" data-element_type=\"widget\" data-widget_type=\"text-editor.default\">\n\t\t\t\t\t\t\t\t\t<p class=\"p2\">*Consultar precios del programa<\/p>\t\t\t\t\t\t\t\t<\/div>\n\t\t\t\t<div class=\"elementor-element elementor-element-3b8c157 elementor-align-left elementor-widget elementor-widget-button\" data-id=\"3b8c157\" data-element_type=\"widget\" data-widget_type=\"button.default\">\n\t\t\t\t\t\t\t\t\t\t<a class=\"elementor-button elementor-button-link elementor-size-sm elementor-animation-shrink\" href=\"https:\/\/booksy.com\/es-es\/81601_origen_cuidado-de-la-piel_34436_santa-cruz-de-bezana\" target=\"_blank\" rel=\"nofollow noopener\">\n\t\t\t\t\t\t<span class=\"elementor-button-content-wrapper\">\n\t\t\t\t\t\t\t\t\t<span class=\"elementor-button-text\">request an appointment<\/span>\n\t\t\t\t\t<\/span>\n\t\t\t\t\t<\/a>\n\t\t\t\t\t\t\t\t<\/div>\n\t\t\t\t<\/div>\n\t\t\t\t\t<\/div>\n\t\t\t\t<\/div>\n\t\t\t\t<\/div>","protected":false},"excerpt":{"rendered":"<p>Tratamientos Corporales En Origen cada tratamiento comienza con un an\u00e1lisis corporal 360\u00ba, porque entender el punto de partida es la clave para lograr resultados visibles. Abdomen Reducci\u00f3n visible de la grasa localizada y reafirmaci\u00f3n de los tejidos para recuperar un vientre m\u00e1s plano y firme. Ideal si buscas remodelar el contorno abdominal y devolver elasticidad [&hellip;]<\/p>","protected":false},"author":1,"featured_media":0,"parent":199,"menu_order":0,"comment_status":"closed","ping_status":"closed","template":"","meta":{"footnotes":""},"class_list":["post-133","page","type-page","status-publish","hentry"],"_links":{"self":[{"href":"https:\/\/origenbezana.com\/en\/wp-json\/wp\/v2\/pages\/133","targetHints":{"allow":["GET"]}}],"collection":[{"href":"https:\/\/origenbezana.com\/en\/wp-json\/wp\/v2\/pages"}],"about":[{"href":"https:\/\/origenbezana.com\/en\/wp-json\/wp\/v2\/types\/page"}],"author":[{"embeddable":true,"href":"https:\/\/origenbezana.com\/en\/wp-json\/wp\/v2\/users\/1"}],"replies":[{"embeddable":true,"href":"https:\/\/origenbezana.com\/en\/wp-json\/wp\/v2\/comments?post=133"}],"version-history":[{"count":29,"href":"https:\/\/origenbezana.com\/en\/wp-json\/wp\/v2\/pages\/133\/revisions"}],"predecessor-version":[{"id":2683,"href":"https:\/\/origenbezana.com\/en\/wp-json\/wp\/v2\/pages\/133\/revisions\/2683"}],"up":[{"embeddable":true,"href":"https:\/\/origenbezana.com\/en\/wp-json\/wp\/v2\/pages\/199"}],"wp:attachment":[{"href":"https:\/\/origenbezana.com\/en\/wp-json\/wp\/v2\/media?parent=133"}],"curies":[{"name":"wp","href":"https:\/\/api.w.org\/{rel}","templated":true}]}}