{"id":127,"date":"2024-10-02T14:14:10","date_gmt":"2024-10-02T12:14:10","guid":{"rendered":"https:\/\/origenbezana.com\/micropigmentacion\/"},"modified":"2025-10-17T16:22:56","modified_gmt":"2025-10-17T14:22:56","slug":"nutricion","status":"publish","type":"page","link":"https:\/\/origenbezana.com\/en\/servicios-del-centro\/nutricion\/","title":{"rendered":"Nutrition"},"content":{"rendered":"<div data-elementor-type=\"wp-page\" data-elementor-id=\"127\" class=\"elementor elementor-127\" data-elementor-post-type=\"page\">\n\t\t\t\t<div class=\"elementor-element elementor-element-c6c440f e-flex e-con-boxed e-con e-parent\" data-id=\"c6c440f\" data-element_type=\"container\" data-settings=\"{&quot;background_background&quot;:&quot;classic&quot;}\">\n\t\t\t\t\t<div class=\"e-con-inner\">\n\t\t<div class=\"elementor-element elementor-element-11dc69d e-con-full e-flex e-con e-child\" data-id=\"11dc69d\" data-element_type=\"container\" data-settings=\"{&quot;background_background&quot;:&quot;classic&quot;}\">\n\t\t\t\t<\/div>\n\t\t<div class=\"elementor-element elementor-element-2e0ddd6 e-con-full e-flex e-con e-child\" data-id=\"2e0ddd6\" data-element_type=\"container\">\n\t\t\t\t<div class=\"elementor-element elementor-element-2b81402 elementor-widget elementor-widget-heading\" data-id=\"2b81402\" data-element_type=\"widget\" data-widget_type=\"heading.default\">\n\t\t\t\t\t<h2 class=\"elementor-heading-title elementor-size-default\">Nutrition<\/h2>\t\t\t\t<\/div>\n\t\t\t\t<div class=\"elementor-element elementor-element-2f3469b elementor-widget elementor-widget-text-editor\" data-id=\"2f3469b\" data-element_type=\"widget\" data-widget_type=\"text-editor.default\">\n\t\t\t\t\t\t\t\t\t<p class=\"p1\">Nuestro enfoque de la nutrici\u00f3n se basa en personalizar cada plan para que sea f\u00e1cil de integrar en tu d\u00eda a d\u00eda. Con la ayuda de nuestra experta nutricionista, analizamos tus h\u00e1bitos alimenticios y creamos pautas adaptadas a tus objetivos. A trav\u00e9s de consultas individuales y herramientas como la bioimpedancia, te acompa\u00f1amos en el camino hacia una vida m\u00e1s saludable y equilibrada.<\/p>\t\t\t\t\t\t\t\t<\/div>\n\t\t\t\t<div class=\"elementor-element elementor-element-d59979b elementor-widget elementor-widget-n-accordion\" data-id=\"d59979b\" data-element_type=\"widget\" data-settings=\"{&quot;default_state&quot;:&quot;all_collapsed&quot;,&quot;max_items_expended&quot;:&quot;one&quot;,&quot;n_accordion_animation_duration&quot;:{&quot;unit&quot;:&quot;ms&quot;,&quot;size&quot;:400,&quot;sizes&quot;:[]}}\" data-widget_type=\"nested-accordion.default\">\n\t\t\t\t\t\t\t<div class=\"e-n-accordion\" aria-label=\"Accordion. Open links with Enter or Space, close with Escape, and navigate with Arrow Keys\">\n\t\t\t\t\t\t<details id=\"e-n-accordion-item-2230\" class=\"e-n-accordion-item\" >\n\t\t\t\t<summary class=\"e-n-accordion-item-title\" data-accordion-index=\"1\" tabindex=\"0\" aria-expanded=\"false\" aria-controls=\"e-n-accordion-item-2230\" >\n\t\t\t\t\t<span class='e-n-accordion-item-title-header'><div class=\"e-n-accordion-item-title-text\"> Primera Consulta | 50\u20ac <\/div><\/span>\n\t\t\t\t\t\t\t\t\t<\/summary>\n\t\t\t\t<div role=\"region\" aria-labelledby=\"e-n-accordion-item-2230\" class=\"elementor-element elementor-element-35ab3c7 e-con-full e-flex e-con e-child\" data-id=\"35ab3c7\" data-element_type=\"container\">\n\t\t\t\t<div class=\"elementor-element elementor-element-4243623 elementor-widget elementor-widget-text-editor\" data-id=\"4243623\" data-element_type=\"widget\" data-widget_type=\"text-editor.default\">\n\t\t\t\t\t\t\t\t\t<p class=\"p1\">Realizaci\u00f3n e interpretaci\u00f3n de bioimpedancia. Entrevista personal. Valoraci\u00f3n nutricional. Establecimiento de objetivos.. <br \/>Pautas nutricionales iniciales.<\/p>\t\t\t\t\t\t\t\t<\/div>\n\t\t\t\t<\/div>\n\t\t\t\t\t<\/details>\n\t\t\t\t\t\t<details id=\"e-n-accordion-item-2231\" class=\"e-n-accordion-item\" >\n\t\t\t\t<summary class=\"e-n-accordion-item-title\" data-accordion-index=\"2\" tabindex=\"-1\" aria-expanded=\"false\" aria-controls=\"e-n-accordion-item-2231\" >\n\t\t\t\t\t<span class='e-n-accordion-item-title-header'><div class=\"e-n-accordion-item-title-text\"> Segunda Consulta | 50\u20ac <\/div><\/span>\n\t\t\t\t\t\t\t\t\t<\/summary>\n\t\t\t\t<div role=\"region\" aria-labelledby=\"e-n-accordion-item-2231\" class=\"elementor-element elementor-element-5363d93 e-con-full e-flex e-con e-child\" data-id=\"5363d93\" data-element_type=\"container\">\n\t\t\t\t<div class=\"elementor-element elementor-element-177ba2a elementor-widget elementor-widget-text-editor\" data-id=\"177ba2a\" data-element_type=\"widget\" data-widget_type=\"text-editor.default\">\n\t\t\t\t\t\t\t\t\t<p class=\"p1\">Entrega y explicaci\u00f3n de plan nutricional personalizado. Entrega de material complementario.<br \/>Resoluci\u00f3n de dudas e inquietudes.<\/p>\t\t\t\t\t\t\t\t<\/div>\n\t\t\t\t<\/div>\n\t\t\t\t\t<\/details>\n\t\t\t\t\t\t<details id=\"e-n-accordion-item-2232\" class=\"e-n-accordion-item\" >\n\t\t\t\t<summary class=\"e-n-accordion-item-title\" data-accordion-index=\"3\" tabindex=\"-1\" aria-expanded=\"false\" aria-controls=\"e-n-accordion-item-2232\" >\n\t\t\t\t\t<span class='e-n-accordion-item-title-header'><div class=\"e-n-accordion-item-title-text\"> Seguimientos | 28\u20ac <\/div><\/span>\n\t\t\t\t\t\t\t\t\t<\/summary>\n\t\t\t\t<div role=\"region\" aria-labelledby=\"e-n-accordion-item-2232\" class=\"elementor-element elementor-element-3f73a2a e-con-full e-flex e-con e-child\" data-id=\"3f73a2a\" data-element_type=\"container\">\n\t\t\t\t<div class=\"elementor-element elementor-element-8a19d75 elementor-widget elementor-widget-text-editor\" data-id=\"8a19d75\" data-element_type=\"widget\" data-widget_type=\"text-editor.default\">\n\t\t\t\t\t\t\t\t\t<p class=\"p1\">Realizaci\u00f3n e interpretaci\u00f3n de bioimpedancia. Evaluaci\u00f3n de resultados y cambios obtenidos. Posibles cambios y modificaciones en las dietas. Resoluci\u00f3n de dudas e inquietudes.<\/p>\t\t\t\t\t\t\t\t<\/div>\n\t\t\t\t<\/div>\n\t\t\t\t\t<\/details>\n\t\t\t\t\t\t<details id=\"e-n-accordion-item-2233\" class=\"e-n-accordion-item\" >\n\t\t\t\t<summary class=\"e-n-accordion-item-title\" data-accordion-index=\"4\" tabindex=\"-1\" aria-expanded=\"false\" aria-controls=\"e-n-accordion-item-2233\" >\n\t\t\t\t\t<span class='e-n-accordion-item-title-header'><div class=\"e-n-accordion-item-title-text\"> Bioimpendancia | 40\u20ac <\/div><\/span>\n\t\t\t\t\t\t\t\t\t<\/summary>\n\t\t\t\t<div role=\"region\" aria-labelledby=\"e-n-accordion-item-2233\" class=\"elementor-element elementor-element-9aa4510 e-con-full e-flex e-con e-child\" data-id=\"9aa4510\" data-element_type=\"container\">\n\t\t\t\t<div class=\"elementor-element elementor-element-53932d1 elementor-widget elementor-widget-text-editor\" data-id=\"53932d1\" data-element_type=\"widget\" data-widget_type=\"text-editor.default\">\n\t\t\t\t\t\t\t\t\t<p class=\"p1\">An\u00e1lisis de la composici\u00f3n corporal mediante TANITA MC780MA.<\/p><p class=\"p1\">Valoraci\u00f3n \u00edndice masa grasa, masa magra, agua corporal, grasa visceral, etc.<br \/>Valoraci\u00f3n nutricional inicial.<\/p>\t\t\t\t\t\t\t\t<\/div>\n\t\t\t\t<\/div>\n\t\t\t\t\t<\/details>\n\t\t\t\t\t<\/div>\n\t\t\t\t\t\t<\/div>\n\t\t\t\t<div class=\"elementor-element elementor-element-f11d434 elementor-align-left elementor-widget elementor-widget-button\" data-id=\"f11d434\" data-element_type=\"widget\" data-widget_type=\"button.default\">\n\t\t\t\t\t\t\t\t\t\t<a class=\"elementor-button elementor-button-link elementor-size-sm elementor-animation-shrink\" href=\"https:\/\/booksy.com\/es-es\/81601_origen_cuidado-de-la-piel_34436_santa-cruz-de-bezana\" target=\"_blank\" rel=\"noopener\">\n\t\t\t\t\t\t<span class=\"elementor-button-content-wrapper\">\n\t\t\t\t\t\t\t\t\t<span class=\"elementor-button-text\">request an appointment<\/span>\n\t\t\t\t\t<\/span>\n\t\t\t\t\t<\/a>\n\t\t\t\t\t\t\t\t<\/div>\n\t\t\t\t<\/div>\n\t\t\t\t\t<\/div>\n\t\t\t\t<\/div>\n\t\t\t\t<\/div>","protected":false},"excerpt":{"rendered":"<p>Nutrici\u00f3n Nuestro enfoque de la nutrici\u00f3n se basa en personalizar cada plan para que sea f\u00e1cil de integrar en tu d\u00eda a d\u00eda. Con la ayuda de nuestra experta nutricionista, analizamos tus h\u00e1bitos alimenticios y creamos pautas adaptadas a tus objetivos. A trav\u00e9s de consultas individuales y herramientas como la bioimpedancia, te acompa\u00f1amos en el [&hellip;]<\/p>","protected":false},"author":1,"featured_media":0,"parent":199,"menu_order":0,"comment_status":"closed","ping_status":"closed","template":"","meta":{"footnotes":""},"class_list":["post-127","page","type-page","status-publish","hentry"],"_links":{"self":[{"href":"https:\/\/origenbezana.com\/en\/wp-json\/wp\/v2\/pages\/127","targetHints":{"allow":["GET"]}}],"collection":[{"href":"https:\/\/origenbezana.com\/en\/wp-json\/wp\/v2\/pages"}],"about":[{"href":"https:\/\/origenbezana.com\/en\/wp-json\/wp\/v2\/types\/page"}],"author":[{"embeddable":true,"href":"https:\/\/origenbezana.com\/en\/wp-json\/wp\/v2\/users\/1"}],"replies":[{"embeddable":true,"href":"https:\/\/origenbezana.com\/en\/wp-json\/wp\/v2\/comments?post=127"}],"version-history":[{"count":18,"href":"https:\/\/origenbezana.com\/en\/wp-json\/wp\/v2\/pages\/127\/revisions"}],"predecessor-version":[{"id":2134,"href":"https:\/\/origenbezana.com\/en\/wp-json\/wp\/v2\/pages\/127\/revisions\/2134"}],"up":[{"embeddable":true,"href":"https:\/\/origenbezana.com\/en\/wp-json\/wp\/v2\/pages\/199"}],"wp:attachment":[{"href":"https:\/\/origenbezana.com\/en\/wp-json\/wp\/v2\/media?parent=127"}],"curies":[{"name":"wp","href":"https:\/\/api.w.org\/{rel}","templated":true}]}}