{"id":1087,"date":"2025-02-21T16:12:57","date_gmt":"2025-02-21T15:12:57","guid":{"rendered":"https:\/\/origenbezana.com\/?page_id=1087"},"modified":"2025-12-18T11:25:45","modified_gmt":"2025-12-18T10:25:45","slug":"blog","status":"publish","type":"page","link":"https:\/\/origenbezana.com\/en\/blog\/","title":{"rendered":"Blog"},"content":{"rendered":"<div data-elementor-type=\"wp-page\" data-elementor-id=\"1087\" class=\"elementor elementor-1087\" data-elementor-post-type=\"page\">\n\t\t\t\t<div class=\"elementor-element elementor-element-352f1145 e-flex e-con-boxed e-con e-parent\" data-id=\"352f1145\" data-element_type=\"container\">\n\t\t\t\t\t<div class=\"e-con-inner\">\n\t\t<div class=\"elementor-element elementor-element-12ba0b69 e-flex e-con-boxed e-con e-child\" data-id=\"12ba0b69\" data-element_type=\"container\" data-settings=\"{&quot;background_background&quot;:&quot;gradient&quot;}\">\n\t\t\t\t\t<div class=\"e-con-inner\">\n\t\t<div class=\"elementor-element elementor-element-464a9b66 e-con-full e-flex e-con e-child\" data-id=\"464a9b66\" data-element_type=\"container\">\n\t\t\t\t<div class=\"elementor-element elementor-element-455f9aed elementor-hidden-phone elementor-widget elementor-widget-image\" data-id=\"455f9aed\" data-element_type=\"widget\" data-widget_type=\"image.default\">\n\t\t\t\t\t\t\t\t\t\t\t\t\t\t\t<img fetchpriority=\"high\" decoding=\"async\" width=\"1200\" height=\"1200\" src=\"https:\/\/origenbezana.com\/wp-content\/uploads\/2025\/02\/03-andrea_perez_del_rio-origen-bezana-santander-centro-estetica.avif\" class=\"attachment-full size-full wp-image-1047\" alt=\"\" srcset=\"https:\/\/origenbezana.com\/wp-content\/uploads\/2025\/02\/03-andrea_perez_del_rio-origen-bezana-santander-centro-estetica.avif 1200w, https:\/\/origenbezana.com\/wp-content\/uploads\/2025\/02\/03-andrea_perez_del_rio-origen-bezana-santander-centro-estetica-300x300.avif 300w, https:\/\/origenbezana.com\/wp-content\/uploads\/2025\/02\/03-andrea_perez_del_rio-origen-bezana-santander-centro-estetica-1024x1024.avif 1024w, https:\/\/origenbezana.com\/wp-content\/uploads\/2025\/02\/03-andrea_perez_del_rio-origen-bezana-santander-centro-estetica-150x150.avif 150w, https:\/\/origenbezana.com\/wp-content\/uploads\/2025\/02\/03-andrea_perez_del_rio-origen-bezana-santander-centro-estetica-768x768.avif 768w, https:\/\/origenbezana.com\/wp-content\/uploads\/2025\/02\/03-andrea_perez_del_rio-origen-bezana-santander-centro-estetica-12x12.avif 12w\" sizes=\"(max-width: 1200px) 100vw, 1200px\" \/>\t\t\t\t\t\t\t\t\t\t\t\t\t\t\t<\/div>\n\t\t\t\t<\/div>\n\t\t<div class=\"elementor-element elementor-element-8b922bb e-con-full e-flex e-con e-child\" data-id=\"8b922bb\" data-element_type=\"container\">\n\t\t\t\t<div class=\"elementor-element elementor-element-58d8ff5 elementor-invisible elementor-widget elementor-widget-heading\" data-id=\"58d8ff5\" data-element_type=\"widget\" data-settings=\"{&quot;_animation&quot;:&quot;fadeIn&quot;}\" data-widget_type=\"heading.default\">\n\t\t\t\t\t<h2 class=\"elementor-heading-title elementor-size-default\">Nuestro Blog<\/h2>\t\t\t\t<\/div>\n\t\t\t\t<div class=\"elementor-element elementor-element-22d01b1 elementor-widget elementor-widget-text-editor\" data-id=\"22d01b1\" data-element_type=\"widget\" data-widget_type=\"text-editor.default\">\n\t\t\t\t\t\t\t\t\t<p>Queremos que tu experiencia en Origen sea perfecta desde el primer momento. Por eso, hemos reunido en esta secci\u00f3n las preguntas m\u00e1s habituales de nuestros clientes, ofreci\u00e9ndote toda la informaci\u00f3n que necesitas conocer sobre nuestro centro y servicios.<\/p>\t\t\t\t\t\t\t\t<\/div>\n\t\t\t\t<\/div>\n\t\t\t\t\t<\/div>\n\t\t\t\t<\/div>\n\t\t\t\t\t<\/div>\n\t\t\t\t<\/div>\n\t\t<div class=\"elementor-element elementor-element-2b0ec860 e-flex e-con-boxed e-con e-parent\" data-id=\"2b0ec860\" data-element_type=\"container\">\n\t\t\t\t\t<div class=\"e-con-inner\">\n\t\t\t\t<div class=\"elementor-element elementor-element-446be8b elementor-widget__width-inherit elementor-grid-3 elementor-grid-tablet-2 elementor-grid-mobile-1 elementor-widget elementor-widget-loop-grid\" data-id=\"446be8b\" data-element_type=\"widget\" data-settings=\"{&quot;template_id&quot;:&quot;1094&quot;,&quot;_skin&quot;:&quot;post&quot;,&quot;columns&quot;:&quot;3&quot;,&quot;columns_tablet&quot;:&quot;2&quot;,&quot;columns_mobile&quot;:&quot;1&quot;,&quot;edit_handle_selector&quot;:&quot;[data-elementor-type=\\&quot;loop-item\\&quot;]&quot;,&quot;row_gap&quot;:{&quot;unit&quot;:&quot;px&quot;,&quot;size&quot;:&quot;&quot;,&quot;sizes&quot;:[]},&quot;row_gap_widescreen&quot;:{&quot;unit&quot;:&quot;px&quot;,&quot;size&quot;:&quot;&quot;,&quot;sizes&quot;:[]},&quot;row_gap_laptop&quot;:{&quot;unit&quot;:&quot;px&quot;,&quot;size&quot;:&quot;&quot;,&quot;sizes&quot;:[]},&quot;row_gap_tablet&quot;:{&quot;unit&quot;:&quot;px&quot;,&quot;size&quot;:&quot;&quot;,&quot;sizes&quot;:[]},&quot;row_gap_mobile&quot;:{&quot;unit&quot;:&quot;px&quot;,&quot;size&quot;:&quot;&quot;,&quot;sizes&quot;:[]}}\" data-widget_type=\"loop-grid.post\">\n\t\t\t\t<div class=\"elementor-widget-container\">\n\t\t\t\t\t\t\t<div class=\"elementor-loop-container elementor-grid\" role=\"list\">\n\t\t<style id=\"loop-dynamic-1094\">.e-loop-item-1207 .elementor-element.elementor-element-b7fbc2a:not(.elementor-motion-effects-element-type-background), .e-loop-item-1207 .elementor-element.elementor-element-b7fbc2a > .elementor-motion-effects-container > .elementor-motion-effects-layer{background-image:url(\"https:\/\/origenbezana.com\/wp-content\/uploads\/2025\/02\/contraluz-fotografia-7287-scaled.avif\");}<\/style><style id=\"loop-1094\">.elementor-1094 .elementor-element.elementor-element-4aa4c416{--display:flex;--min-height:32rem;--flex-direction:column;--container-widget-width:100%;--container-widget-height:initial;--container-widget-flex-grow:0;--container-widget-align-self:initial;--flex-wrap-mobile:wrap;--justify-content:space-between;--gap:10px 10px;--row-gap:10px;--column-gap:10px;--border-radius:0px 0px 0px 0px;box-shadow:0px 4px 44px 0px rgba(0, 0, 0, 0.1);--padding-top:20px;--padding-bottom:20px;--padding-left:20px;--padding-right:20px;}.elementor-1094 .elementor-element.elementor-element-4aa4c416:hover{box-shadow:0px 2px 25px 0px rgba(0, 0, 0, 0.2);}.elementor-1094 .elementor-element.elementor-element-2b75f3f5{--display:flex;--flex-direction:column;--container-widget-width:calc( ( 1 - var( --container-widget-flex-grow ) ) * 100% );--container-widget-height:initial;--container-widget-flex-grow:0;--container-widget-align-self:initial;--flex-wrap-mobile:wrap;--justify-content:flex-start;--align-items:flex-start;--gap:1rem 1rem;--row-gap:1rem;--column-gap:1rem;--margin-top:15px;--margin-bottom:15px;--margin-left:0px;--margin-right:0px;--padding-top:0px;--padding-bottom:0px;--padding-left:0px;--padding-right:0px;}.elementor-1094 .elementor-element.elementor-element-b7fbc2a{--display:flex;--min-height:15rem;}.elementor-1094 .elementor-element.elementor-element-b7fbc2a:not(.elementor-motion-effects-element-type-background), .elementor-1094 .elementor-element.elementor-element-b7fbc2a > .elementor-motion-effects-container > .elementor-motion-effects-layer{background-position:center center;background-repeat:no-repeat;background-size:cover;}.elementor-1094 .elementor-element.elementor-element-19834cf{--display:flex;--gap:0px 0px;--row-gap:0px;--column-gap:0px;--padding-top:0px;--padding-bottom:0px;--padding-left:0px;--padding-right:0px;}.elementor-widget-heading .elementor-heading-title{font-family:var( --e-global-typography-primary-font-family ), Sans-serif;font-size:var( --e-global-typography-primary-font-size );font-weight:var( --e-global-typography-primary-font-weight );color:var( --e-global-color-primary );}.elementor-1094 .elementor-element.elementor-element-37e8f3f0{padding:6px 0px 6px 0px;}.elementor-1094 .elementor-element.elementor-element-37e8f3f0 .elementor-heading-title{font-family:\"Questrial\", Sans-serif;font-size:18px;font-weight:600;text-transform:uppercase;font-style:normal;text-decoration:none;line-height:1.5em;letter-spacing:-0.01em;word-spacing:0em;color:#8D8D8D;}.elementor-1094 .elementor-element.elementor-element-3f655055{margin:5px 0px calc(var(--kit-widget-spacing, 0px) + 0px) 0px;}.elementor-1094 .elementor-element.elementor-element-3f655055 .elementor-heading-title{font-family:\"Inter\", Sans-serif;font-size:18px;font-weight:500;text-transform:capitalize;text-decoration:none;line-height:1.5em;letter-spacing:-0.01em;word-spacing:0em;color:#353535;}.elementor-1094 .elementor-element.elementor-element-aed0a7e{margin:5px 0px calc(var(--kit-widget-spacing, 0px) + 0px) 0px;}.elementor-1094 .elementor-element.elementor-element-aed0a7e .elementor-heading-title{font-family:\"Inter\", Sans-serif;font-size:18px;font-weight:500;text-transform:capitalize;text-decoration:none;line-height:1.5em;letter-spacing:-0.01em;word-spacing:0em;color:var( --e-global-color-primary );}.elementor-1094 .elementor-element.elementor-element-aed0a7e .elementor-heading-title a:hover, .elementor-1094 .elementor-element.elementor-element-aed0a7e .elementor-heading-title a:focus{color:var( --e-global-color-secondary );}@media(max-width:1600px){.elementor-widget-heading .elementor-heading-title{font-size:var( --e-global-typography-primary-font-size );}}@media(max-width:1024px){.elementor-1094 .elementor-element.elementor-element-2b75f3f5{--justify-content:space-between;}.elementor-widget-heading .elementor-heading-title{font-size:var( --e-global-typography-primary-font-size );}}@media(max-width:767px){.elementor-1094 .elementor-element.elementor-element-2b75f3f5{--justify-content:flex-start;}.elementor-widget-heading .elementor-heading-title{font-size:var( --e-global-typography-primary-font-size );}.elementor-1094 .elementor-element.elementor-element-37e8f3f0 .elementor-heading-title{font-size:17px;}.elementor-1094 .elementor-element.elementor-element-3f655055{text-align:start;}.elementor-1094 .elementor-element.elementor-element-3f655055 .elementor-heading-title{font-size:16px;line-height:1.2em;}.elementor-1094 .elementor-element.elementor-element-aed0a7e{text-align:start;}.elementor-1094 .elementor-element.elementor-element-aed0a7e .elementor-heading-title{font-size:16px;line-height:1.2em;}}@media(min-width:2400px){.elementor-widget-heading .elementor-heading-title{font-size:var( --e-global-typography-primary-font-size );}}<\/style>\t\t<div data-elementor-type=\"loop-item\" data-elementor-id=\"1094\" class=\"elementor elementor-1094 e-loop-item e-loop-item-1207 post-1207 post type-post status-publish format-standard has-post-thumbnail hentry category-sin-categoria\" data-elementor-post-type=\"elementor_library\" data-custom-edit-handle=\"1\">\n\t\t\t<a class=\"elementor-element elementor-element-4aa4c416 e-con-full e-flex e-con e-parent\" data-id=\"4aa4c416\" data-element_type=\"container\" href=\"https:\/\/origenbezana.com\/en\/como-frenar-el-envejecimiento-facial-y-mantener-una-piel-joven\/\">\n\t\t<div class=\"elementor-element elementor-element-2b75f3f5 e-con-full e-flex e-con e-child\" data-id=\"2b75f3f5\" data-element_type=\"container\">\n\t\t<div class=\"elementor-element elementor-element-b7fbc2a e-con-full e-flex e-con e-child\" data-id=\"b7fbc2a\" data-element_type=\"container\" data-settings=\"{&quot;background_background&quot;:&quot;classic&quot;}\">\n\t\t\t\t<\/div>\n\t\t<div class=\"elementor-element elementor-element-19834cf e-con-full e-flex e-con e-child\" data-id=\"19834cf\" data-element_type=\"container\">\n\t\t\t\t<div class=\"elementor-element elementor-element-37e8f3f0 elementor-widget elementor-widget-heading\" data-id=\"37e8f3f0\" data-element_type=\"widget\" data-widget_type=\"heading.default\">\n\t\t\t\t\t<p class=\"elementor-heading-title elementor-size-default\">20 Feb 2025<\/p>\t\t\t\t<\/div>\n\t\t\t\t<div class=\"elementor-element elementor-element-3f655055 elementor-widget elementor-widget-heading\" data-id=\"3f655055\" data-element_type=\"widget\" data-widget_type=\"heading.default\">\n\t\t\t\t\t<p class=\"elementor-heading-title elementor-size-default\">C\u00f3mo frenar el envejecimiento facial y mantener una piel joven<\/p>\t\t\t\t<\/div>\n\t\t\t\t<\/div>\n\t\t\t\t<\/div>\n\t\t\t\t<div class=\"elementor-element elementor-element-aed0a7e elementor-widget elementor-widget-heading\" data-id=\"aed0a7e\" data-element_type=\"widget\" data-widget_type=\"heading.default\">\n\t\t\t\t\t<p class=\"elementor-heading-title elementor-size-default\">leer post &gt;&gt;<\/p>\t\t\t\t<\/div>\n\t\t\t\t<\/a>\n\t\t\t\t<\/div>\n\t\t<style id=\"loop-dynamic-1094\">.e-loop-item-1172 .elementor-element.elementor-element-b7fbc2a:not(.elementor-motion-effects-element-type-background), .e-loop-item-1172 .elementor-element.elementor-element-b7fbc2a > .elementor-motion-effects-container > .elementor-motion-effects-layer{background-image:url(\"https:\/\/origenbezana.com\/wp-content\/uploads\/2025\/02\/1-1.avif\");}<\/style>\t\t<div data-elementor-type=\"loop-item\" data-elementor-id=\"1094\" class=\"elementor elementor-1094 e-loop-item e-loop-item-1172 post-1172 post type-post status-publish format-standard has-post-thumbnail hentry category-sin-categoria\" data-elementor-post-type=\"elementor_library\" data-custom-edit-handle=\"1\">\n\t\t\t<a class=\"elementor-element elementor-element-4aa4c416 e-con-full e-flex e-con e-parent\" data-id=\"4aa4c416\" data-element_type=\"container\" href=\"https:\/\/origenbezana.com\/en\/que-es-el-exposoma-y-como-afecta-a-tu-piel\/\">\n\t\t<div class=\"elementor-element elementor-element-2b75f3f5 e-con-full e-flex e-con e-child\" data-id=\"2b75f3f5\" data-element_type=\"container\">\n\t\t<div class=\"elementor-element elementor-element-b7fbc2a e-con-full e-flex e-con e-child\" data-id=\"b7fbc2a\" data-element_type=\"container\" data-settings=\"{&quot;background_background&quot;:&quot;classic&quot;}\">\n\t\t\t\t<\/div>\n\t\t<div class=\"elementor-element elementor-element-19834cf e-con-full e-flex e-con e-child\" data-id=\"19834cf\" data-element_type=\"container\">\n\t\t\t\t<div class=\"elementor-element elementor-element-37e8f3f0 elementor-widget elementor-widget-heading\" data-id=\"37e8f3f0\" data-element_type=\"widget\" data-widget_type=\"heading.default\">\n\t\t\t\t\t<p class=\"elementor-heading-title elementor-size-default\">25 Jan 2025<\/p>\t\t\t\t<\/div>\n\t\t\t\t<div class=\"elementor-element elementor-element-3f655055 elementor-widget elementor-widget-heading\" data-id=\"3f655055\" data-element_type=\"widget\" data-widget_type=\"heading.default\">\n\t\t\t\t\t<p class=\"elementor-heading-title elementor-size-default\">\u00bfQu\u00e9 es el Exposoma y c\u00f3mo afecta a tu piel?<\/p>\t\t\t\t<\/div>\n\t\t\t\t<\/div>\n\t\t\t\t<\/div>\n\t\t\t\t<div class=\"elementor-element elementor-element-aed0a7e elementor-widget elementor-widget-heading\" data-id=\"aed0a7e\" data-element_type=\"widget\" data-widget_type=\"heading.default\">\n\t\t\t\t\t<p class=\"elementor-heading-title elementor-size-default\">leer post &gt;&gt;<\/p>\t\t\t\t<\/div>\n\t\t\t\t<\/a>\n\t\t\t\t<\/div>\n\t\t<style id=\"loop-dynamic-1094\">.e-loop-item-1147 .elementor-element.elementor-element-b7fbc2a:not(.elementor-motion-effects-element-type-background), .e-loop-item-1147 .elementor-element.elementor-element-b7fbc2a > .elementor-motion-effects-container > .elementor-motion-effects-layer{background-image:url(\"https:\/\/origenbezana.com\/wp-content\/uploads\/2025\/02\/1.avif\");}<\/style>\t\t<div data-elementor-type=\"loop-item\" data-elementor-id=\"1094\" class=\"elementor elementor-1094 e-loop-item e-loop-item-1147 post-1147 post type-post status-publish format-standard has-post-thumbnail hentry category-sin-categoria\" data-elementor-post-type=\"elementor_library\" data-custom-edit-handle=\"1\">\n\t\t\t<a class=\"elementor-element elementor-element-4aa4c416 e-con-full e-flex e-con e-parent\" data-id=\"4aa4c416\" data-element_type=\"container\" href=\"https:\/\/origenbezana.com\/en\/barriga-hinchada-descubre-sus-causas-y-como-mejorar-tu-bienestar-digestivo\/\">\n\t\t<div class=\"elementor-element elementor-element-2b75f3f5 e-con-full e-flex e-con e-child\" data-id=\"2b75f3f5\" data-element_type=\"container\">\n\t\t<div class=\"elementor-element elementor-element-b7fbc2a e-con-full e-flex e-con e-child\" data-id=\"b7fbc2a\" data-element_type=\"container\" data-settings=\"{&quot;background_background&quot;:&quot;classic&quot;}\">\n\t\t\t\t<\/div>\n\t\t<div class=\"elementor-element elementor-element-19834cf e-con-full e-flex e-con e-child\" data-id=\"19834cf\" data-element_type=\"container\">\n\t\t\t\t<div class=\"elementor-element elementor-element-37e8f3f0 elementor-widget elementor-widget-heading\" data-id=\"37e8f3f0\" data-element_type=\"widget\" data-widget_type=\"heading.default\">\n\t\t\t\t\t<p class=\"elementor-heading-title elementor-size-default\">26 Dec 2024<\/p>\t\t\t\t<\/div>\n\t\t\t\t<div class=\"elementor-element elementor-element-3f655055 elementor-widget elementor-widget-heading\" data-id=\"3f655055\" data-element_type=\"widget\" data-widget_type=\"heading.default\">\n\t\t\t\t\t<p class=\"elementor-heading-title elementor-size-default\">\u00bfBarriga hinchada? Descubre sus causas y c\u00f3mo mejorar tu bienestar digestivo<\/p>\t\t\t\t<\/div>\n\t\t\t\t<\/div>\n\t\t\t\t<\/div>\n\t\t\t\t<div class=\"elementor-element elementor-element-aed0a7e elementor-widget elementor-widget-heading\" data-id=\"aed0a7e\" data-element_type=\"widget\" data-widget_type=\"heading.default\">\n\t\t\t\t\t<p class=\"elementor-heading-title elementor-size-default\">leer post &gt;&gt;<\/p>\t\t\t\t<\/div>\n\t\t\t\t<\/a>\n\t\t\t\t<\/div>\n\t\t<style id=\"loop-dynamic-1094\">.e-loop-item-701 .elementor-element.elementor-element-b7fbc2a:not(.elementor-motion-effects-element-type-background), .e-loop-item-701 .elementor-element.elementor-element-b7fbc2a > .elementor-motion-effects-container > .elementor-motion-effects-layer{background-image:url(\"https:\/\/origenbezana.com\/wp-content\/uploads\/2025\/01\/16-centro_estetica-origen-bezana-santander-centro-estetica.avif\");}<\/style>\t\t<div data-elementor-type=\"loop-item\" data-elementor-id=\"1094\" class=\"elementor elementor-1094 e-loop-item e-loop-item-701 post-701 post type-post status-publish format-standard has-post-thumbnail hentry category-sin-categoria\" data-elementor-post-type=\"elementor_library\" data-custom-edit-handle=\"1\">\n\t\t\t<a class=\"elementor-element elementor-element-4aa4c416 e-con-full e-flex e-con e-parent\" data-id=\"4aa4c416\" data-element_type=\"container\" href=\"https:\/\/origenbezana.com\/en\/5-beneficios-sorprendentes-de-los-tratamientos-faciales-con-radiofrecuencia-indiba\/\">\n\t\t<div class=\"elementor-element elementor-element-2b75f3f5 e-con-full e-flex e-con e-child\" data-id=\"2b75f3f5\" data-element_type=\"container\">\n\t\t<div class=\"elementor-element elementor-element-b7fbc2a e-con-full e-flex e-con e-child\" data-id=\"b7fbc2a\" data-element_type=\"container\" data-settings=\"{&quot;background_background&quot;:&quot;classic&quot;}\">\n\t\t\t\t<\/div>\n\t\t<div class=\"elementor-element elementor-element-19834cf e-con-full e-flex e-con e-child\" data-id=\"19834cf\" data-element_type=\"container\">\n\t\t\t\t<div class=\"elementor-element elementor-element-37e8f3f0 elementor-widget elementor-widget-heading\" data-id=\"37e8f3f0\" data-element_type=\"widget\" data-widget_type=\"heading.default\">\n\t\t\t\t\t<p class=\"elementor-heading-title elementor-size-default\">25 Nov 2024<\/p>\t\t\t\t<\/div>\n\t\t\t\t<div class=\"elementor-element elementor-element-3f655055 elementor-widget elementor-widget-heading\" data-id=\"3f655055\" data-element_type=\"widget\" data-widget_type=\"heading.default\">\n\t\t\t\t\t<p class=\"elementor-heading-title elementor-size-default\">5 beneficios sorprendentes de los tratamientos faciales con radiofrecuencia Indiba<\/p>\t\t\t\t<\/div>\n\t\t\t\t<\/div>\n\t\t\t\t<\/div>\n\t\t\t\t<div class=\"elementor-element elementor-element-aed0a7e elementor-widget elementor-widget-heading\" data-id=\"aed0a7e\" data-element_type=\"widget\" data-widget_type=\"heading.default\">\n\t\t\t\t\t<p class=\"elementor-heading-title elementor-size-default\">leer post &gt;&gt;<\/p>\t\t\t\t<\/div>\n\t\t\t\t<\/a>\n\t\t\t\t<\/div>\n\t\t<style id=\"loop-dynamic-1094\">.e-loop-item-720 .elementor-element.elementor-element-b7fbc2a:not(.elementor-motion-effects-element-type-background), .e-loop-item-720 .elementor-element.elementor-element-b7fbc2a > .elementor-motion-effects-container > .elementor-motion-effects-layer{background-image:url(\"https:\/\/origenbezana.com\/wp-content\/uploads\/2025\/02\/03-centro_estetica-origen-bezana-santander-centro-estetica.avif\");}<\/style>\t\t<div data-elementor-type=\"loop-item\" data-elementor-id=\"1094\" class=\"elementor elementor-1094 e-loop-item e-loop-item-720 post-720 post type-post status-publish format-standard has-post-thumbnail hentry category-sin-categoria\" data-elementor-post-type=\"elementor_library\" data-custom-edit-handle=\"1\">\n\t\t\t<a class=\"elementor-element elementor-element-4aa4c416 e-con-full e-flex e-con e-parent\" data-id=\"4aa4c416\" data-element_type=\"container\" href=\"https:\/\/origenbezana.com\/en\/tratamiento-anticipa-capilar-vital-beneficios-que-no-puedes-ignorar\/\">\n\t\t<div class=\"elementor-element elementor-element-2b75f3f5 e-con-full e-flex e-con e-child\" data-id=\"2b75f3f5\" data-element_type=\"container\">\n\t\t<div class=\"elementor-element elementor-element-b7fbc2a e-con-full e-flex e-con e-child\" data-id=\"b7fbc2a\" data-element_type=\"container\" data-settings=\"{&quot;background_background&quot;:&quot;classic&quot;}\">\n\t\t\t\t<\/div>\n\t\t<div class=\"elementor-element elementor-element-19834cf e-con-full e-flex e-con e-child\" data-id=\"19834cf\" data-element_type=\"container\">\n\t\t\t\t<div class=\"elementor-element elementor-element-37e8f3f0 elementor-widget elementor-widget-heading\" data-id=\"37e8f3f0\" data-element_type=\"widget\" data-widget_type=\"heading.default\">\n\t\t\t\t\t<p class=\"elementor-heading-title elementor-size-default\">25 Oct 2024<\/p>\t\t\t\t<\/div>\n\t\t\t\t<div class=\"elementor-element elementor-element-3f655055 elementor-widget elementor-widget-heading\" data-id=\"3f655055\" data-element_type=\"widget\" data-widget_type=\"heading.default\">\n\t\t\t\t\t<p class=\"elementor-heading-title elementor-size-default\">Tratamiento Anti ca\u00edda Capilar Vital: Beneficios Que No Puedes Ignorar<\/p>\t\t\t\t<\/div>\n\t\t\t\t<\/div>\n\t\t\t\t<\/div>\n\t\t\t\t<div class=\"elementor-element elementor-element-aed0a7e elementor-widget elementor-widget-heading\" data-id=\"aed0a7e\" data-element_type=\"widget\" data-widget_type=\"heading.default\">\n\t\t\t\t\t<p class=\"elementor-heading-title elementor-size-default\">leer post &gt;&gt;<\/p>\t\t\t\t<\/div>\n\t\t\t\t<\/a>\n\t\t\t\t<\/div>\n\t\t<style id=\"loop-dynamic-1094\">.e-loop-item-774 .elementor-element.elementor-element-b7fbc2a:not(.elementor-motion-effects-element-type-background), .e-loop-item-774 .elementor-element.elementor-element-b7fbc2a > .elementor-motion-effects-container > .elementor-motion-effects-layer{background-image:url(\"https:\/\/origenbezana.com\/wp-content\/uploads\/2024\/12\/01-centro-origen-bezana-santander-centro-de-belleza.avif\");}<\/style>\t\t<div data-elementor-type=\"loop-item\" data-elementor-id=\"1094\" class=\"elementor elementor-1094 e-loop-item e-loop-item-774 post-774 post type-post status-publish format-standard has-post-thumbnail hentry category-sin-categoria\" data-elementor-post-type=\"elementor_library\" data-custom-edit-handle=\"1\">\n\t\t\t<a class=\"elementor-element elementor-element-4aa4c416 e-con-full e-flex e-con e-parent\" data-id=\"4aa4c416\" data-element_type=\"container\" href=\"https:\/\/origenbezana.com\/en\/centro-de-estetica-lo-ultimo-en-servicios-de-belleza-que-debes-probar-ahora\/\">\n\t\t<div class=\"elementor-element elementor-element-2b75f3f5 e-con-full e-flex e-con e-child\" data-id=\"2b75f3f5\" data-element_type=\"container\">\n\t\t<div class=\"elementor-element elementor-element-b7fbc2a e-con-full e-flex e-con e-child\" data-id=\"b7fbc2a\" data-element_type=\"container\" data-settings=\"{&quot;background_background&quot;:&quot;classic&quot;}\">\n\t\t\t\t<\/div>\n\t\t<div class=\"elementor-element elementor-element-19834cf e-con-full e-flex e-con e-child\" data-id=\"19834cf\" data-element_type=\"container\">\n\t\t\t\t<div class=\"elementor-element elementor-element-37e8f3f0 elementor-widget elementor-widget-heading\" data-id=\"37e8f3f0\" data-element_type=\"widget\" data-widget_type=\"heading.default\">\n\t\t\t\t\t<p class=\"elementor-heading-title elementor-size-default\">25 Sep 2024<\/p>\t\t\t\t<\/div>\n\t\t\t\t<div class=\"elementor-element elementor-element-3f655055 elementor-widget elementor-widget-heading\" data-id=\"3f655055\" data-element_type=\"widget\" data-widget_type=\"heading.default\">\n\t\t\t\t\t<p class=\"elementor-heading-title elementor-size-default\">Centro de est\u00e9tica: Lo \u00faltimo en servicios de belleza que debes probar ahora<\/p>\t\t\t\t<\/div>\n\t\t\t\t<\/div>\n\t\t\t\t<\/div>\n\t\t\t\t<div class=\"elementor-element elementor-element-aed0a7e elementor-widget elementor-widget-heading\" data-id=\"aed0a7e\" data-element_type=\"widget\" data-widget_type=\"heading.default\">\n\t\t\t\t\t<p class=\"elementor-heading-title elementor-size-default\">leer post &gt;&gt;<\/p>\t\t\t\t<\/div>\n\t\t\t\t<\/a>\n\t\t\t\t<\/div>\n\t\t\t\t<\/div>\n\t\t\n\t\t\t\t\t\t<\/div>\n\t\t\t\t<\/div>\n\t\t\t\t\t<\/div>\n\t\t\t\t<\/div>\n\t\t<div class=\"elementor-element elementor-element-e9b94ed e-flex e-con-boxed e-con e-parent\" data-id=\"e9b94ed\" data-element_type=\"container\">\n\t\t\t\t\t<div class=\"e-con-inner\">\n\t\t\t\t\t<\/div>\n\t\t\t\t<\/div>\n\t\t\t\t<\/div>","protected":false},"excerpt":{"rendered":"<p>Nuestro Blog Queremos que tu experiencia en Origen sea perfecta desde el primer momento. Por eso, hemos reunido en esta secci\u00f3n las preguntas m\u00e1s habituales de nuestros clientes, ofreci\u00e9ndote toda la informaci\u00f3n que necesitas conocer sobre nuestro centro y servicios.<\/p>","protected":false},"author":1,"featured_media":0,"parent":0,"menu_order":0,"comment_status":"closed","ping_status":"closed","template":"","meta":{"footnotes":""},"class_list":["post-1087","page","type-page","status-publish","hentry"],"_links":{"self":[{"href":"https:\/\/origenbezana.com\/en\/wp-json\/wp\/v2\/pages\/1087","targetHints":{"allow":["GET"]}}],"collection":[{"href":"https:\/\/origenbezana.com\/en\/wp-json\/wp\/v2\/pages"}],"about":[{"href":"https:\/\/origenbezana.com\/en\/wp-json\/wp\/v2\/types\/page"}],"author":[{"embeddable":true,"href":"https:\/\/origenbezana.com\/en\/wp-json\/wp\/v2\/users\/1"}],"replies":[{"embeddable":true,"href":"https:\/\/origenbezana.com\/en\/wp-json\/wp\/v2\/comments?post=1087"}],"version-history":[{"count":3,"href":"https:\/\/origenbezana.com\/en\/wp-json\/wp\/v2\/pages\/1087\/revisions"}],"predecessor-version":[{"id":2436,"href":"https:\/\/origenbezana.com\/en\/wp-json\/wp\/v2\/pages\/1087\/revisions\/2436"}],"wp:attachment":[{"href":"https:\/\/origenbezana.com\/en\/wp-json\/wp\/v2\/media?parent=1087"}],"curies":[{"name":"wp","href":"https:\/\/api.w.org\/{rel}","templated":true}]}}